{"id":1296,"date":"2024-01-01T16:39:05","date_gmt":"2024-01-01T16:39:05","guid":{"rendered":"https:\/\/luigidellacqua.rigodolo.com\/karrieren\/"},"modified":"2024-11-14T18:12:12","modified_gmt":"2024-11-14T18:12:12","slug":"karrieren","status":"publish","type":"page","link":"https:\/\/wildmexicanfood.ch\/de\/karrieren\/","title":{"rendered":"Karrieren"},"content":{"rendered":"\t\t<div data-elementor-type=\"wp-page\" data-elementor-id=\"1296\" class=\"elementor elementor-1296 elementor-64\" data-elementor-post-type=\"page\">\n\t\t\t\t\t\t<section class=\"elementor-section elementor-top-section elementor-element elementor-element-8206de5 elementor-section-height-min-height elementor-section-boxed elementor-section-height-default elementor-section-items-middle\" data-id=\"8206de5\" data-element_type=\"section\" data-settings=\"{&quot;background_background&quot;:&quot;classic&quot;}\">\n\t\t\t\t\t\t\t<div class=\"elementor-background-overlay\"><\/div>\n\t\t\t\t\t\t\t<div class=\"elementor-container elementor-column-gap-default\">\n\t\t\t\t\t<div class=\"elementor-column elementor-col-100 elementor-top-column elementor-element elementor-element-e83b3da\" data-id=\"e83b3da\" data-element_type=\"column\">\n\t\t\t<div class=\"elementor-widget-wrap elementor-element-populated\">\n\t\t\t\t\t\t<div class=\"elementor-element elementor-element-a6d71f9 elementor-invisible elementor-widget elementor-widget-heading\" data-id=\"a6d71f9\" data-element_type=\"widget\" data-settings=\"{&quot;_animation&quot;:&quot;fadeInUp&quot;}\" data-widget_type=\"heading.default\">\n\t\t\t\t<div class=\"elementor-widget-container\">\n\t\t\t\t\t<h1 class=\"elementor-heading-title elementor-size-default\">Karrieren<\/h1>\t\t\t\t<\/div>\n\t\t\t\t<\/div>\n\t\t\t\t<div class=\"elementor-element elementor-element-9c9db3a elementor-invisible elementor-widget elementor-widget-heading\" data-id=\"9c9db3a\" data-element_type=\"widget\" data-settings=\"{&quot;_animation&quot;:&quot;fadeInUp&quot;}\" data-widget_type=\"heading.default\">\n\t\t\t\t<div class=\"elementor-widget-container\">\n\t\t\t\t\t<span class=\"elementor-heading-title elementor-size-default\">Treten Sie unserem Team bei<\/span>\t\t\t\t<\/div>\n\t\t\t\t<\/div>\n\t\t\t\t\t<\/div>\n\t\t<\/div>\n\t\t\t\t\t<\/div>\n\t\t<\/section>\n\t\t\t\t<section class=\"elementor-section elementor-top-section elementor-element elementor-element-2b3e2c0 elementor-section-boxed elementor-section-height-default elementor-section-height-default\" data-id=\"2b3e2c0\" data-element_type=\"section\" data-settings=\"{&quot;background_background&quot;:&quot;classic&quot;}\">\n\t\t\t\t\t\t\t<div class=\"elementor-background-overlay\"><\/div>\n\t\t\t\t\t\t\t<div class=\"elementor-container elementor-column-gap-default\">\n\t\t\t\t\t<div class=\"elementor-column elementor-col-50 elementor-top-column elementor-element elementor-element-810bb43\" data-id=\"810bb43\" data-element_type=\"column\" data-settings=\"{&quot;background_background&quot;:&quot;classic&quot;}\">\n\t\t\t<div class=\"elementor-widget-wrap elementor-element-populated\">\n\t\t\t\t\t\t<section class=\"elementor-section elementor-inner-section elementor-element elementor-element-689d278 elementor-section-content-middle elementor-section-full_width elementor-section-height-default elementor-section-height-default\" data-id=\"689d278\" data-element_type=\"section\">\n\t\t\t\t\t\t<div class=\"elementor-container elementor-column-gap-default\">\n\t\t\t\t\t<div class=\"elementor-column elementor-col-100 elementor-inner-column elementor-element elementor-element-336bd3b\" data-id=\"336bd3b\" data-element_type=\"column\">\n\t\t\t<div class=\"elementor-widget-wrap elementor-element-populated\">\n\t\t\t\t\t\t<div class=\"elementor-element elementor-element-4bd60c2 elementor-invisible elementor-widget elementor-widget-heading\" data-id=\"4bd60c2\" data-element_type=\"widget\" data-settings=\"{&quot;_animation&quot;:&quot;fadeInUp&quot;}\" data-widget_type=\"heading.default\">\n\t\t\t\t<div class=\"elementor-widget-container\">\n\t\t\t\t\t<p class=\"elementor-heading-title elementor-size-default\">Willkommen in Unserem Team<\/p>\t\t\t\t<\/div>\n\t\t\t\t<\/div>\n\t\t\t\t<div class=\"elementor-element elementor-element-fb15f50 elementor-invisible elementor-widget elementor-widget-heading\" data-id=\"fb15f50\" data-element_type=\"widget\" data-settings=\"{&quot;_animation&quot;:&quot;fadeInUp&quot;}\" data-widget_type=\"heading.default\">\n\t\t\t\t<div class=\"elementor-widget-container\">\n\t\t\t\t\t<h2 class=\"elementor-heading-title elementor-size-default\">Bl\u00fchen Sie auf bei Wild - Mexican Food<\/h2>\t\t\t\t<\/div>\n\t\t\t\t<\/div>\n\t\t\t\t<div class=\"elementor-element elementor-element-c0e582e elementor-invisible elementor-widget elementor-widget-text-editor\" data-id=\"c0e582e\" data-element_type=\"widget\" data-settings=\"{&quot;_animation&quot;:&quot;fadeInUp&quot;}\" data-widget_type=\"text-editor.default\">\n\t\t\t\t<div class=\"elementor-widget-container\">\n\t\t\t\t\t\t\t\t\t<div class=\"w-full text-token-text-primary\" data-testid=\"conversation-turn-52\"><div class=\"px-4 py-2 justify-center text-base md:gap-6 m-auto\"><div class=\"flex flex-1 text-base mx-auto gap-3 md:px-5 lg:px-1 xl:px-5 md:max-w-3xl lg:max-w-[40rem] xl:max-w-[48rem] group\"><div class=\"relative flex w-full flex-col lg:w-[calc(100%-115px)]\"><div class=\"flex-col gap-1 md:gap-3\"><div class=\"flex flex-grow flex-col max-w-full\"><div class=\"min-h-[20px] text-message flex flex-col items-start gap-3 whitespace-pre-wrap break-words [.text-message+&amp;]:mt-5 overflow-x-auto\" data-message-author-role=\"user\" data-message-id=\"aaa25844-8d1f-4f03-98eb-f61b937bc856\"><div class=\"\">Willkommen bei Wild &#8211; Mexican Food!<\/div><div class=\"\">Wir sind weit mehr als nur ein Arbeitsplatz, wir sind ein eingespieltes Team, das bereit ist, Sie nicht nur beruflich, sondern auch pers\u00f6nlich zu unterst\u00fctzen.<\/div><div class=\"\">In unserem Umfeld k\u00f6nnen Sie Ihre F\u00e4higkeiten entwickeln und Ihre Grenzen erweitern, wobei Sie in jeder Phase Ihres Weges kontinuierlich betreut werden. Bei Wild Food Takeaway sind wir bestrebt, Sie <b>wachsen und erfolgreich sein<\/b> zu sehen.<\/div><\/div><\/div><\/div><\/div><\/div><\/div><\/div>\t\t\t\t\t\t\t\t<\/div>\n\t\t\t\t<\/div>\n\t\t\t\t\t<\/div>\n\t\t<\/div>\n\t\t\t\t\t<\/div>\n\t\t<\/section>\n\t\t\t\t\t<\/div>\n\t\t<\/div>\n\t\t\t\t<div class=\"elementor-column elementor-col-50 elementor-top-column elementor-element elementor-element-432ce4f elementor-hidden-mobile\" data-id=\"432ce4f\" data-element_type=\"column\" data-settings=\"{&quot;background_background&quot;:&quot;classic&quot;}\">\n\t\t\t<div class=\"elementor-widget-wrap elementor-element-populated\">\n\t\t\t\t\t\t<div class=\"elementor-element elementor-element-28c6ef5 elementor-widget elementor-widget-spacer\" data-id=\"28c6ef5\" data-element_type=\"widget\" data-widget_type=\"spacer.default\">\n\t\t\t\t<div class=\"elementor-widget-container\">\n\t\t\t\t\t\t\t<div class=\"elementor-spacer\">\n\t\t\t<div class=\"elementor-spacer-inner\"><\/div>\n\t\t<\/div>\n\t\t\t\t\t\t<\/div>\n\t\t\t\t<\/div>\n\t\t\t\t\t<\/div>\n\t\t<\/div>\n\t\t\t\t\t<\/div>\n\t\t<\/section>\n\t\t\t\t<section class=\"elementor-section elementor-top-section elementor-element elementor-element-c140f4a elementor-section-boxed elementor-section-height-default elementor-section-height-default\" data-id=\"c140f4a\" data-element_type=\"section\" data-settings=\"{&quot;background_background&quot;:&quot;classic&quot;}\">\n\t\t\t\t\t\t\t<div class=\"elementor-background-overlay\"><\/div>\n\t\t\t\t\t\t\t<div class=\"elementor-container elementor-column-gap-default\">\n\t\t\t\t\t<div class=\"elementor-column elementor-col-100 elementor-top-column elementor-element elementor-element-146030f\" data-id=\"146030f\" data-element_type=\"column\" data-settings=\"{&quot;background_background&quot;:&quot;classic&quot;}\">\n\t\t\t<div class=\"elementor-widget-wrap elementor-element-populated\">\n\t\t\t\t\t\t<section class=\"elementor-section elementor-inner-section elementor-element elementor-element-6c1e057 elementor-section-height-min-height elementor-section-content-middle elementor-section-boxed elementor-section-height-default\" data-id=\"6c1e057\" data-element_type=\"section\">\n\t\t\t\t\t\t<div class=\"elementor-container elementor-column-gap-default\">\n\t\t\t\t\t<div class=\"elementor-column elementor-col-100 elementor-inner-column elementor-element elementor-element-b80bff8\" data-id=\"b80bff8\" data-element_type=\"column\">\n\t\t\t<div class=\"elementor-widget-wrap elementor-element-populated\">\n\t\t\t\t\t\t<div class=\"elementor-element elementor-element-46c6872 elementor-invisible elementor-widget elementor-widget-heading\" data-id=\"46c6872\" data-element_type=\"widget\" data-settings=\"{&quot;_animation&quot;:&quot;fadeInUp&quot;}\" data-widget_type=\"heading.default\">\n\t\t\t\t<div class=\"elementor-widget-container\">\n\t\t\t\t\t<p class=\"elementor-heading-title elementor-size-default\">\"Wir behandeln andere so, wie wir selbst behandelt werden m\u00f6chten\".<\/p>\t\t\t\t<\/div>\n\t\t\t\t<\/div>\n\t\t\t\t<div class=\"elementor-element elementor-element-c72c427 elementor-invisible elementor-widget elementor-widget-heading\" data-id=\"c72c427\" data-element_type=\"widget\" data-settings=\"{&quot;_animation&quot;:&quot;fadeInUp&quot;}\" data-widget_type=\"heading.default\">\n\t\t\t\t<div class=\"elementor-widget-container\">\n\t\t\t\t\t<h2 class=\"elementor-heading-title elementor-size-default\">Kommen Sie zu uns f\u00fcr eine liebevolle und chancenreiche Berufserfahrung<\/h2>\t\t\t\t<\/div>\n\t\t\t\t<\/div>\n\t\t\t\t\t<\/div>\n\t\t<\/div>\n\t\t\t\t\t<\/div>\n\t\t<\/section>\n\t\t\t\t\t<\/div>\n\t\t<\/div>\n\t\t\t\t\t<\/div>\n\t\t<\/section>\n\t\t<div class=\"elementor-element elementor-element-c8e7142 e-flex e-con-boxed e-con e-parent\" data-id=\"c8e7142\" data-element_type=\"container\">\n\t\t\t\t\t<div class=\"e-con-inner\">\n\t\t<div class=\"elementor-element elementor-element-425dce9 e-con-full e-flex elementor-invisible e-con e-child\" data-id=\"425dce9\" data-element_type=\"container\" data-settings=\"{&quot;animation&quot;:&quot;fadeInUp&quot;}\">\n\t\t\t\t<div class=\"elementor-element elementor-element-85ef241 elementor-view-default elementor-widget elementor-widget-icon\" data-id=\"85ef241\" data-element_type=\"widget\" data-widget_type=\"icon.default\">\n\t\t\t\t<div class=\"elementor-widget-container\">\n\t\t\t\t\t\t\t<div class=\"elementor-icon-wrapper\">\n\t\t\t<div class=\"elementor-icon\">\n\t\t\t<i aria-hidden=\"true\" class=\"fas fa-utensils\"><\/i>\t\t\t<\/div>\n\t\t<\/div>\n\t\t\t\t\t\t<\/div>\n\t\t\t\t<\/div>\n\t\t\t\t<div class=\"elementor-element elementor-element-2b730fd elementor-widget elementor-widget-heading\" data-id=\"2b730fd\" data-element_type=\"widget\" data-widget_type=\"heading.default\">\n\t\t\t\t<div class=\"elementor-widget-container\">\n\t\t\t\t\t<p class=\"elementor-heading-title elementor-size-default\">MEHRZWECKKELLNER<\/p>\t\t\t\t<\/div>\n\t\t\t\t<\/div>\n\t\t\t\t<div class=\"elementor-element elementor-element-cfcd40c elementor-widget elementor-widget-text-editor\" data-id=\"cfcd40c\" data-element_type=\"widget\" data-widget_type=\"text-editor.default\">\n\t\t\t\t<div class=\"elementor-widget-container\">\n\t\t\t\t\t\t\t\t\t<p>Bei Wild &#8211; Mexican Food bieten wir Ihnen schnelles Essen, das Ihrem vollen Terminkalender gerecht wird, ohne dabei Kompromisse bei Qualit\u00e4t und Frische einzugehen.<\/p>\t\t\t\t\t\t\t\t<\/div>\n\t\t\t\t<\/div>\n\t\t\t\t<div class=\"elementor-element elementor-element-7d3f032 elementor-align-justify elementor-widget elementor-widget-button\" data-id=\"7d3f032\" data-element_type=\"widget\" data-widget_type=\"button.default\">\n\t\t\t\t<div class=\"elementor-widget-container\">\n\t\t\t\t\t\t\t\t\t<div class=\"elementor-button-wrapper\">\n\t\t\t\t\t<a class=\"elementor-button elementor-button-link elementor-size-sm\" href=\"https:\/\/wildmexicanfood.ch\/contact\/\">\n\t\t\t\t\t\t<span class=\"elementor-button-content-wrapper\">\n\t\t\t\t\t\t\t\t\t<span class=\"elementor-button-text\">Jetzt bewerben<\/span>\n\t\t\t\t\t<\/span>\n\t\t\t\t\t<\/a>\n\t\t\t\t<\/div>\n\t\t\t\t\t\t\t\t<\/div>\n\t\t\t\t<\/div>\n\t\t\t\t<\/div>\n\t\t<div class=\"elementor-element elementor-element-38d4f8f e-con-full e-flex elementor-invisible e-con e-child\" data-id=\"38d4f8f\" data-element_type=\"container\" data-settings=\"{&quot;animation&quot;:&quot;fadeInUp&quot;}\">\n\t\t\t\t<div class=\"elementor-element elementor-element-f2401e5 elementor-view-default elementor-widget elementor-widget-icon\" data-id=\"f2401e5\" data-element_type=\"widget\" data-widget_type=\"icon.default\">\n\t\t\t\t<div class=\"elementor-widget-container\">\n\t\t\t\t\t\t\t<div class=\"elementor-icon-wrapper\">\n\t\t\t<div class=\"elementor-icon\">\n\t\t\t<i aria-hidden=\"true\" class=\"fas fa-briefcase\"><\/i>\t\t\t<\/div>\n\t\t<\/div>\n\t\t\t\t\t\t<\/div>\n\t\t\t\t<\/div>\n\t\t\t\t<div class=\"elementor-element elementor-element-cf79d60 elementor-widget elementor-widget-heading\" data-id=\"cf79d60\" data-element_type=\"widget\" data-widget_type=\"heading.default\">\n\t\t\t\t<div class=\"elementor-widget-container\">\n\t\t\t\t\t<p class=\"elementor-heading-title elementor-size-default\">MANAGER<\/p>\t\t\t\t<\/div>\n\t\t\t\t<\/div>\n\t\t\t\t<div class=\"elementor-element elementor-element-e84975a elementor-widget elementor-widget-text-editor\" data-id=\"e84975a\" data-element_type=\"widget\" data-widget_type=\"text-editor.default\">\n\t\t\t\t<div class=\"elementor-widget-container\">\n\t\t\t\t\t\t\t\t\t<p>Wir sind entschlossen, die Standards f\u00fcr Take-away neu zu erfinden, indem wir schmackhaftes Essen anbieten, das bei jeder Mahlzeit Ihre Geschmacksnerven anregt.<\/p>\n\t\t\t\t\t\t\t\t<\/div>\n\t\t\t\t<\/div>\n\t\t\t\t<div class=\"elementor-element elementor-element-ed4b429 elementor-align-justify elementor-widget elementor-widget-button\" data-id=\"ed4b429\" data-element_type=\"widget\" data-widget_type=\"button.default\">\n\t\t\t\t<div class=\"elementor-widget-container\">\n\t\t\t\t\t\t\t\t\t<div class=\"elementor-button-wrapper\">\n\t\t\t\t\t<a class=\"elementor-button elementor-button-link elementor-size-sm\" href=\"https:\/\/wildmexicanfood.ch\/contact\/\">\n\t\t\t\t\t\t<span class=\"elementor-button-content-wrapper\">\n\t\t\t\t\t\t\t\t\t<span class=\"elementor-button-text\">Jetzt bewerben<\/span>\n\t\t\t\t\t<\/span>\n\t\t\t\t\t<\/a>\n\t\t\t\t<\/div>\n\t\t\t\t\t\t\t\t<\/div>\n\t\t\t\t<\/div>\n\t\t\t\t<\/div>\n\t\t\t\t\t<\/div>\n\t\t\t\t<\/div>\n\t\t\t\t<\/div>\n\t\t","protected":false},"excerpt":{"rendered":"<p>Treten Sie unserem Team bei Willkommen in Unserem Team Bl\u00fchen Sie auf bei Wild &#8211; Mexican Food Willkommen bei Wild &#8211; Mexican Food!Wir sind weit mehr als nur ein Arbeitsplatz, wir sind ein eingespieltes Team, das bereit ist, Sie nicht nur beruflich, sondern auch pers\u00f6nlich zu unterst\u00fctzen.In unserem Umfeld k\u00f6nnen Sie Ihre F\u00e4higkeiten entwickeln und [&hellip;]<\/p>\n","protected":false},"author":1,"featured_media":1148,"parent":0,"menu_order":0,"comment_status":"closed","ping_status":"closed","template":"","meta":{"_et_pb_use_builder":"on","_et_pb_old_content":"","_et_gb_content_width":"","footnotes":""},"class_list":["post-1296","page","type-page","status-publish","has-post-thumbnail","hentry"],"yoast_head":"<!-- This site is optimized with the Yoast SEO plugin v27.5 - https:\/\/yoast.com\/product\/yoast-seo-wordpress\/ -->\n<title>Karrierem\u00f6glichkeiten bei Wild Food Takeaway<\/title>\n<meta name=\"description\" content=\"Werden Sie Teil unseres engagierten Teams bei Wild Food Takeaway. Entdecken Sie lohnende Karrierem\u00f6glichkeiten und ein inspirierendes Arbeitsumfeld. Ihr Erfolg liegt uns am Herzen.\" \/>\n<meta name=\"robots\" content=\"index, follow, max-snippet:-1, max-image-preview:large, max-video-preview:-1\" \/>\n<link rel=\"canonical\" href=\"https:\/\/wildmexicanfood.ch\/de\/karrieren\/\" \/>\n<meta property=\"og:locale\" content=\"de_DE\" \/>\n<meta property=\"og:type\" content=\"article\" \/>\n<meta property=\"og:title\" content=\"Karrierem\u00f6glichkeiten bei Wild Food Takeaway\" \/>\n<meta property=\"og:description\" content=\"Werden Sie Teil unseres engagierten Teams bei Wild Food Takeaway. Entdecken Sie lohnende Karrierem\u00f6glichkeiten und ein inspirierendes Arbeitsumfeld. Ihr Erfolg liegt uns am Herzen.\" \/>\n<meta property=\"og:url\" content=\"https:\/\/wildmexicanfood.ch\/de\/karrieren\/\" \/>\n<meta property=\"og:site_name\" content=\"Wild Mexican food\" \/>\n<meta property=\"article:modified_time\" content=\"2024-11-14T18:12:12+00:00\" \/>\n<meta property=\"og:image\" content=\"https:\/\/wildmexicanfood.ch\/wp-content\/uploads\/2024\/01\/Logo.png\" \/>\n\t<meta property=\"og:image:width\" content=\"1000\" \/>\n\t<meta property=\"og:image:height\" content=\"303\" \/>\n\t<meta property=\"og:image:type\" content=\"image\/png\" \/>\n<meta name=\"twitter:card\" content=\"summary_large_image\" \/>\n<meta name=\"twitter:label1\" content=\"Gesch\u00e4tzte Lesezeit\" \/>\n\t<meta name=\"twitter:data1\" content=\"1\u00a0Minute\" \/>\n<script type=\"application\/ld+json\" class=\"yoast-schema-graph\">{\"@context\":\"https:\\\/\\\/schema.org\",\"@graph\":[{\"@type\":\"WebPage\",\"@id\":\"https:\\\/\\\/wildmexicanfood.ch\\\/de\\\/karrieren\\\/\",\"url\":\"https:\\\/\\\/wildmexicanfood.ch\\\/de\\\/karrieren\\\/\",\"name\":\"Karrierem\u00f6glichkeiten bei Wild Food Takeaway\",\"isPartOf\":{\"@id\":\"https:\\\/\\\/wildmexicanfood.ch\\\/de\\\/#website\"},\"primaryImageOfPage\":{\"@id\":\"https:\\\/\\\/wildmexicanfood.ch\\\/de\\\/karrieren\\\/#primaryimage\"},\"image\":{\"@id\":\"https:\\\/\\\/wildmexicanfood.ch\\\/de\\\/karrieren\\\/#primaryimage\"},\"thumbnailUrl\":\"https:\\\/\\\/wildmexicanfood.ch\\\/wp-content\\\/uploads\\\/2024\\\/01\\\/Logo.png\",\"datePublished\":\"2024-01-01T16:39:05+00:00\",\"dateModified\":\"2024-11-14T18:12:12+00:00\",\"description\":\"Werden Sie Teil unseres engagierten Teams bei Wild Food Takeaway. Entdecken Sie lohnende Karrierem\u00f6glichkeiten und ein inspirierendes Arbeitsumfeld. Ihr Erfolg liegt uns am Herzen.\",\"breadcrumb\":{\"@id\":\"https:\\\/\\\/wildmexicanfood.ch\\\/de\\\/karrieren\\\/#breadcrumb\"},\"inLanguage\":\"de\",\"potentialAction\":[{\"@type\":\"ReadAction\",\"target\":[\"https:\\\/\\\/wildmexicanfood.ch\\\/de\\\/karrieren\\\/\"]}]},{\"@type\":\"ImageObject\",\"inLanguage\":\"de\",\"@id\":\"https:\\\/\\\/wildmexicanfood.ch\\\/de\\\/karrieren\\\/#primaryimage\",\"url\":\"https:\\\/\\\/wildmexicanfood.ch\\\/wp-content\\\/uploads\\\/2024\\\/01\\\/Logo.png\",\"contentUrl\":\"https:\\\/\\\/wildmexicanfood.ch\\\/wp-content\\\/uploads\\\/2024\\\/01\\\/Logo.png\",\"width\":1000,\"height\":303},{\"@type\":\"BreadcrumbList\",\"@id\":\"https:\\\/\\\/wildmexicanfood.ch\\\/de\\\/karrieren\\\/#breadcrumb\",\"itemListElement\":[{\"@type\":\"ListItem\",\"position\":1,\"name\":\"Home\",\"item\":\"https:\\\/\\\/wildmexicanfood.ch\\\/de\\\/\"},{\"@type\":\"ListItem\",\"position\":2,\"name\":\"Karrieren\"}]},{\"@type\":\"WebSite\",\"@id\":\"https:\\\/\\\/wildmexicanfood.ch\\\/de\\\/#website\",\"url\":\"https:\\\/\\\/wildmexicanfood.ch\\\/de\\\/\",\"name\":\"Wild Food Takeaway\",\"description\":\"D\u00e9couvrez l&#039;\u00e2me de la cuisine mexicaine, \u00e0 emporter ou \u00e0 d\u00e9guster sur place !\",\"publisher\":{\"@id\":\"https:\\\/\\\/wildmexicanfood.ch\\\/de\\\/#organization\"},\"potentialAction\":[{\"@type\":\"SearchAction\",\"target\":{\"@type\":\"EntryPoint\",\"urlTemplate\":\"https:\\\/\\\/wildmexicanfood.ch\\\/de\\\/?s={search_term_string}\"},\"query-input\":{\"@type\":\"PropertyValueSpecification\",\"valueRequired\":true,\"valueName\":\"search_term_string\"}}],\"inLanguage\":\"de\"},{\"@type\":\"Organization\",\"@id\":\"https:\\\/\\\/wildmexicanfood.ch\\\/de\\\/#organization\",\"name\":\"Wild Food Takeaway\",\"url\":\"https:\\\/\\\/wildmexicanfood.ch\\\/de\\\/\",\"logo\":{\"@type\":\"ImageObject\",\"inLanguage\":\"de\",\"@id\":\"https:\\\/\\\/wildmexicanfood.ch\\\/de\\\/#\\\/schema\\\/logo\\\/image\\\/\",\"url\":\"https:\\\/\\\/wildfoodtakeaway.ch\\\/wp-content\\\/uploads\\\/2024\\\/01\\\/log.png\",\"contentUrl\":\"https:\\\/\\\/wildfoodtakeaway.ch\\\/wp-content\\\/uploads\\\/2024\\\/01\\\/log.png\",\"width\":606,\"height\":201,\"caption\":\"Wild Food Takeaway\"},\"image\":{\"@id\":\"https:\\\/\\\/wildmexicanfood.ch\\\/de\\\/#\\\/schema\\\/logo\\\/image\\\/\"}}]}<\/script>\n<!-- \/ Yoast SEO plugin. -->","yoast_head_json":{"title":"Karrierem\u00f6glichkeiten bei Wild Food Takeaway","description":"Werden Sie Teil unseres engagierten Teams bei Wild Food Takeaway. Entdecken Sie lohnende Karrierem\u00f6glichkeiten und ein inspirierendes Arbeitsumfeld. Ihr Erfolg liegt uns am Herzen.","robots":{"index":"index","follow":"follow","max-snippet":"max-snippet:-1","max-image-preview":"max-image-preview:large","max-video-preview":"max-video-preview:-1"},"canonical":"https:\/\/wildmexicanfood.ch\/de\/karrieren\/","og_locale":"de_DE","og_type":"article","og_title":"Karrierem\u00f6glichkeiten bei Wild Food Takeaway","og_description":"Werden Sie Teil unseres engagierten Teams bei Wild Food Takeaway. Entdecken Sie lohnende Karrierem\u00f6glichkeiten und ein inspirierendes Arbeitsumfeld. Ihr Erfolg liegt uns am Herzen.","og_url":"https:\/\/wildmexicanfood.ch\/de\/karrieren\/","og_site_name":"Wild Mexican food","article_modified_time":"2024-11-14T18:12:12+00:00","og_image":[{"width":1000,"height":303,"url":"https:\/\/wildmexicanfood.ch\/wp-content\/uploads\/2024\/01\/Logo.png","type":"image\/png"}],"twitter_card":"summary_large_image","twitter_misc":{"Gesch\u00e4tzte Lesezeit":"1\u00a0Minute"},"schema":{"@context":"https:\/\/schema.org","@graph":[{"@type":"WebPage","@id":"https:\/\/wildmexicanfood.ch\/de\/karrieren\/","url":"https:\/\/wildmexicanfood.ch\/de\/karrieren\/","name":"Karrierem\u00f6glichkeiten bei Wild Food Takeaway","isPartOf":{"@id":"https:\/\/wildmexicanfood.ch\/de\/#website"},"primaryImageOfPage":{"@id":"https:\/\/wildmexicanfood.ch\/de\/karrieren\/#primaryimage"},"image":{"@id":"https:\/\/wildmexicanfood.ch\/de\/karrieren\/#primaryimage"},"thumbnailUrl":"https:\/\/wildmexicanfood.ch\/wp-content\/uploads\/2024\/01\/Logo.png","datePublished":"2024-01-01T16:39:05+00:00","dateModified":"2024-11-14T18:12:12+00:00","description":"Werden Sie Teil unseres engagierten Teams bei Wild Food Takeaway. Entdecken Sie lohnende Karrierem\u00f6glichkeiten und ein inspirierendes Arbeitsumfeld. Ihr Erfolg liegt uns am Herzen.","breadcrumb":{"@id":"https:\/\/wildmexicanfood.ch\/de\/karrieren\/#breadcrumb"},"inLanguage":"de","potentialAction":[{"@type":"ReadAction","target":["https:\/\/wildmexicanfood.ch\/de\/karrieren\/"]}]},{"@type":"ImageObject","inLanguage":"de","@id":"https:\/\/wildmexicanfood.ch\/de\/karrieren\/#primaryimage","url":"https:\/\/wildmexicanfood.ch\/wp-content\/uploads\/2024\/01\/Logo.png","contentUrl":"https:\/\/wildmexicanfood.ch\/wp-content\/uploads\/2024\/01\/Logo.png","width":1000,"height":303},{"@type":"BreadcrumbList","@id":"https:\/\/wildmexicanfood.ch\/de\/karrieren\/#breadcrumb","itemListElement":[{"@type":"ListItem","position":1,"name":"Home","item":"https:\/\/wildmexicanfood.ch\/de\/"},{"@type":"ListItem","position":2,"name":"Karrieren"}]},{"@type":"WebSite","@id":"https:\/\/wildmexicanfood.ch\/de\/#website","url":"https:\/\/wildmexicanfood.ch\/de\/","name":"Wild Food Takeaway","description":"D\u00e9couvrez l&#039;\u00e2me de la cuisine mexicaine, \u00e0 emporter ou \u00e0 d\u00e9guster sur place !","publisher":{"@id":"https:\/\/wildmexicanfood.ch\/de\/#organization"},"potentialAction":[{"@type":"SearchAction","target":{"@type":"EntryPoint","urlTemplate":"https:\/\/wildmexicanfood.ch\/de\/?s={search_term_string}"},"query-input":{"@type":"PropertyValueSpecification","valueRequired":true,"valueName":"search_term_string"}}],"inLanguage":"de"},{"@type":"Organization","@id":"https:\/\/wildmexicanfood.ch\/de\/#organization","name":"Wild Food Takeaway","url":"https:\/\/wildmexicanfood.ch\/de\/","logo":{"@type":"ImageObject","inLanguage":"de","@id":"https:\/\/wildmexicanfood.ch\/de\/#\/schema\/logo\/image\/","url":"https:\/\/wildfoodtakeaway.ch\/wp-content\/uploads\/2024\/01\/log.png","contentUrl":"https:\/\/wildfoodtakeaway.ch\/wp-content\/uploads\/2024\/01\/log.png","width":606,"height":201,"caption":"Wild Food Takeaway"},"image":{"@id":"https:\/\/wildmexicanfood.ch\/de\/#\/schema\/logo\/image\/"}}]}},"_links":{"self":[{"href":"https:\/\/wildmexicanfood.ch\/de\/wp-json\/wp\/v2\/pages\/1296","targetHints":{"allow":["GET"]}}],"collection":[{"href":"https:\/\/wildmexicanfood.ch\/de\/wp-json\/wp\/v2\/pages"}],"about":[{"href":"https:\/\/wildmexicanfood.ch\/de\/wp-json\/wp\/v2\/types\/page"}],"author":[{"embeddable":true,"href":"https:\/\/wildmexicanfood.ch\/de\/wp-json\/wp\/v2\/users\/1"}],"replies":[{"embeddable":true,"href":"https:\/\/wildmexicanfood.ch\/de\/wp-json\/wp\/v2\/comments?post=1296"}],"version-history":[{"count":23,"href":"https:\/\/wildmexicanfood.ch\/de\/wp-json\/wp\/v2\/pages\/1296\/revisions"}],"predecessor-version":[{"id":3177,"href":"https:\/\/wildmexicanfood.ch\/de\/wp-json\/wp\/v2\/pages\/1296\/revisions\/3177"}],"wp:featuredmedia":[{"embeddable":true,"href":"https:\/\/wildmexicanfood.ch\/de\/wp-json\/wp\/v2\/media\/1148"}],"wp:attachment":[{"href":"https:\/\/wildmexicanfood.ch\/de\/wp-json\/wp\/v2\/media?parent=1296"}],"curies":[{"name":"wp","href":"https:\/\/api.w.org\/{rel}","templated":true}]}}