{"id":1313,"date":"2024-01-01T16:00:15","date_gmt":"2024-01-01T16:00:15","guid":{"rendered":"https:\/\/luigidellacqua.rigodolo.com\/menue\/"},"modified":"2024-11-14T17:28:22","modified_gmt":"2024-11-14T17:28:22","slug":"menue","status":"publish","type":"page","link":"https:\/\/wildmexicanfood.ch\/de\/menue\/","title":{"rendered":"Men\u00fc"},"content":{"rendered":"\t\t<div data-elementor-type=\"wp-page\" data-elementor-id=\"1313\" class=\"elementor elementor-1313 elementor-25\" data-elementor-post-type=\"page\">\n\t\t\t\t\t\t<section class=\"elementor-section elementor-top-section elementor-element elementor-element-f55a463 elementor-section-height-min-height elementor-section-boxed elementor-section-height-default elementor-section-items-middle\" data-id=\"f55a463\" data-element_type=\"section\" data-settings=\"{&quot;background_background&quot;:&quot;classic&quot;}\">\n\t\t\t\t\t\t\t<div class=\"elementor-background-overlay\"><\/div>\n\t\t\t\t\t\t\t<div class=\"elementor-container elementor-column-gap-default\">\n\t\t\t\t\t<div class=\"elementor-column elementor-col-100 elementor-top-column elementor-element elementor-element-6f5788c\" data-id=\"6f5788c\" data-element_type=\"column\">\n\t\t\t<div class=\"elementor-widget-wrap elementor-element-populated\">\n\t\t\t\t\t\t<div class=\"elementor-element elementor-element-ca2eb0a elementor-invisible elementor-widget elementor-widget-heading\" data-id=\"ca2eb0a\" data-element_type=\"widget\" data-settings=\"{&quot;_animation&quot;:&quot;fadeInUp&quot;}\" data-widget_type=\"heading.default\">\n\t\t\t\t<div class=\"elementor-widget-container\">\n\t\t\t\t\t<h1 class=\"elementor-heading-title elementor-size-default\">Menu<\/h1>\t\t\t\t<\/div>\n\t\t\t\t<\/div>\n\t\t\t\t<div class=\"elementor-element elementor-element-be3be03 elementor-invisible elementor-widget elementor-widget-heading\" data-id=\"be3be03\" data-element_type=\"widget\" data-settings=\"{&quot;_animation&quot;:&quot;fadeInUp&quot;}\" data-widget_type=\"heading.default\">\n\t\t\t\t<div class=\"elementor-widget-container\">\n\t\t\t\t\t<span class=\"elementor-heading-title elementor-size-default\">Entdecken Sie die Men\u00fcs WILD - MEXICAN FOOD<\/span>\t\t\t\t<\/div>\n\t\t\t\t<\/div>\n\t\t\t\t\t<\/div>\n\t\t<\/div>\n\t\t\t\t\t<\/div>\n\t\t<\/section>\n\t\t<div class=\"elementor-element elementor-element-aef9b57 e-flex e-con-boxed e-con e-parent\" data-id=\"aef9b57\" data-element_type=\"container\">\n\t\t\t\t\t<div class=\"e-con-inner\">\n\t\t\t\t<div class=\"elementor-element elementor-element-b225186 elementor-widget elementor-widget-shortcode\" data-id=\"b225186\" data-element_type=\"widget\" data-widget_type=\"shortcode.default\">\n\t\t\t\t<div class=\"elementor-widget-container\">\n\t\t\t\t\t\t\t<div class=\"elementor-shortcode\"><a href=\"https:\/\/wildmexicanfood.ch\/wp-content\/uploads\/2024\/11\/Menu1.pdf\" class=\"pdfemb-viewer\" style=\"\" data-width=\"max\" data-height=\"max\" data-toolbar=\"bottom\" data-toolbar-fixed=\"off\">Menu1<\/a><\/div>\n\t\t\t\t\t\t<\/div>\n\t\t\t\t<\/div>\n\t\t\t\t\t<\/div>\n\t\t\t\t<\/div>\n\t\t<div class=\"elementor-element elementor-element-02c8571 e-flex e-con-boxed e-con e-parent\" data-id=\"02c8571\" data-element_type=\"container\">\n\t\t\t\t\t<div class=\"e-con-inner\">\n\t\t\t\t<div class=\"elementor-element elementor-element-efa5ebe elementor-widget elementor-widget-shortcode\" data-id=\"efa5ebe\" data-element_type=\"widget\" data-widget_type=\"shortcode.default\">\n\t\t\t\t<div class=\"elementor-widget-container\">\n\t\t\t\t\t\t\t<div class=\"elementor-shortcode\"><a href=\"https:\/\/wildmexicanfood.ch\/wp-content\/uploads\/2024\/11\/Menu-2.pdf\" class=\"pdfemb-viewer\" style=\"\" data-width=\"max\" data-height=\"max\" data-toolbar=\"bottom\" data-toolbar-fixed=\"off\">Menu-2<\/a><\/div>\n\t\t\t\t\t\t<\/div>\n\t\t\t\t<\/div>\n\t\t\t\t\t<\/div>\n\t\t\t\t<\/div>\n\t\t\t\t<\/div>\n\t\t","protected":false},"excerpt":{"rendered":"<p>Menu Entdecken Sie die Men\u00fcs WILD &#8211; MEXICAN FOOD<\/p>\n","protected":false},"author":1,"featured_media":1148,"parent":0,"menu_order":0,"comment_status":"closed","ping_status":"closed","template":"","meta":{"_et_pb_use_builder":"","_et_pb_old_content":"","_et_gb_content_width":"","footnotes":""},"class_list":["post-1313","page","type-page","status-publish","has-post-thumbnail","hentry"],"yoast_head":"<!-- This site is optimized with the Yoast SEO plugin v27.5 - https:\/\/yoast.com\/product\/yoast-seo-wordpress\/ -->\n<title>Mexikanisches Men\u00fc - Burritos, Tacos, Quesadillas - Wild Mexican food<\/title>\n<meta name=\"description\" content=\"Entdecken Sie unser mexikanisches Men\u00fc mit Optionen f\u00fcr Burritos, Tacos, Quesadillas und mehr. Frische und authentische Gerichte zu erschwinglichen Preisen. Jetzt bestellen!\" \/>\n<meta name=\"robots\" content=\"index, follow, max-snippet:-1, max-image-preview:large, max-video-preview:-1\" \/>\n<link rel=\"canonical\" href=\"https:\/\/wildmexicanfood.ch\/de\/menue\/\" \/>\n<meta property=\"og:locale\" content=\"de_DE\" \/>\n<meta property=\"og:type\" content=\"article\" \/>\n<meta property=\"og:title\" content=\"Mexikanisches Men\u00fc - Burritos, Tacos, Quesadillas - Wild Mexican food\" \/>\n<meta property=\"og:description\" content=\"Entdecken Sie unser mexikanisches Men\u00fc mit Optionen f\u00fcr Burritos, Tacos, Quesadillas und mehr. Frische und authentische Gerichte zu erschwinglichen Preisen. Jetzt bestellen!\" \/>\n<meta property=\"og:url\" content=\"https:\/\/wildmexicanfood.ch\/de\/menue\/\" \/>\n<meta property=\"og:site_name\" content=\"Wild Mexican food\" \/>\n<meta property=\"article:modified_time\" content=\"2024-11-14T17:28:22+00:00\" \/>\n<meta property=\"og:image\" content=\"https:\/\/wildmexicanfood.ch\/wp-content\/uploads\/2024\/01\/Logo.png\" \/>\n\t<meta property=\"og:image:width\" content=\"1000\" \/>\n\t<meta property=\"og:image:height\" content=\"303\" \/>\n\t<meta property=\"og:image:type\" content=\"image\/png\" \/>\n<meta name=\"twitter:card\" content=\"summary_large_image\" \/>\n<meta name=\"twitter:label1\" content=\"Gesch\u00e4tzte Lesezeit\" \/>\n\t<meta name=\"twitter:data1\" content=\"1\u00a0Minute\" \/>\n<script type=\"application\/ld+json\" class=\"yoast-schema-graph\">{\"@context\":\"https:\\\/\\\/schema.org\",\"@graph\":[{\"@type\":\"WebPage\",\"@id\":\"https:\\\/\\\/wildmexicanfood.ch\\\/de\\\/menue\\\/\",\"url\":\"https:\\\/\\\/wildmexicanfood.ch\\\/de\\\/menue\\\/\",\"name\":\"Mexikanisches Men\u00fc - Burritos, Tacos, Quesadillas - Wild Mexican food\",\"isPartOf\":{\"@id\":\"https:\\\/\\\/wildmexicanfood.ch\\\/de\\\/#website\"},\"primaryImageOfPage\":{\"@id\":\"https:\\\/\\\/wildmexicanfood.ch\\\/de\\\/menue\\\/#primaryimage\"},\"image\":{\"@id\":\"https:\\\/\\\/wildmexicanfood.ch\\\/de\\\/menue\\\/#primaryimage\"},\"thumbnailUrl\":\"https:\\\/\\\/wildmexicanfood.ch\\\/wp-content\\\/uploads\\\/2024\\\/01\\\/Logo.png\",\"datePublished\":\"2024-01-01T16:00:15+00:00\",\"dateModified\":\"2024-11-14T17:28:22+00:00\",\"description\":\"Entdecken Sie unser mexikanisches Men\u00fc mit Optionen f\u00fcr Burritos, Tacos, Quesadillas und mehr. Frische und authentische Gerichte zu erschwinglichen Preisen. Jetzt bestellen!\",\"breadcrumb\":{\"@id\":\"https:\\\/\\\/wildmexicanfood.ch\\\/de\\\/menue\\\/#breadcrumb\"},\"inLanguage\":\"de\",\"potentialAction\":[{\"@type\":\"ReadAction\",\"target\":[\"https:\\\/\\\/wildmexicanfood.ch\\\/de\\\/menue\\\/\"]}]},{\"@type\":\"ImageObject\",\"inLanguage\":\"de\",\"@id\":\"https:\\\/\\\/wildmexicanfood.ch\\\/de\\\/menue\\\/#primaryimage\",\"url\":\"https:\\\/\\\/wildmexicanfood.ch\\\/wp-content\\\/uploads\\\/2024\\\/01\\\/Logo.png\",\"contentUrl\":\"https:\\\/\\\/wildmexicanfood.ch\\\/wp-content\\\/uploads\\\/2024\\\/01\\\/Logo.png\",\"width\":1000,\"height\":303},{\"@type\":\"BreadcrumbList\",\"@id\":\"https:\\\/\\\/wildmexicanfood.ch\\\/de\\\/menue\\\/#breadcrumb\",\"itemListElement\":[{\"@type\":\"ListItem\",\"position\":1,\"name\":\"Home\",\"item\":\"https:\\\/\\\/wildmexicanfood.ch\\\/de\\\/\"},{\"@type\":\"ListItem\",\"position\":2,\"name\":\"Men\u00fc\"}]},{\"@type\":\"WebSite\",\"@id\":\"https:\\\/\\\/wildmexicanfood.ch\\\/de\\\/#website\",\"url\":\"https:\\\/\\\/wildmexicanfood.ch\\\/de\\\/\",\"name\":\"Wild Food Takeaway\",\"description\":\"D\u00e9couvrez l&#039;\u00e2me de la cuisine mexicaine, \u00e0 emporter ou \u00e0 d\u00e9guster sur place !\",\"publisher\":{\"@id\":\"https:\\\/\\\/wildmexicanfood.ch\\\/de\\\/#organization\"},\"potentialAction\":[{\"@type\":\"SearchAction\",\"target\":{\"@type\":\"EntryPoint\",\"urlTemplate\":\"https:\\\/\\\/wildmexicanfood.ch\\\/de\\\/?s={search_term_string}\"},\"query-input\":{\"@type\":\"PropertyValueSpecification\",\"valueRequired\":true,\"valueName\":\"search_term_string\"}}],\"inLanguage\":\"de\"},{\"@type\":\"Organization\",\"@id\":\"https:\\\/\\\/wildmexicanfood.ch\\\/de\\\/#organization\",\"name\":\"Wild Food Takeaway\",\"url\":\"https:\\\/\\\/wildmexicanfood.ch\\\/de\\\/\",\"logo\":{\"@type\":\"ImageObject\",\"inLanguage\":\"de\",\"@id\":\"https:\\\/\\\/wildmexicanfood.ch\\\/de\\\/#\\\/schema\\\/logo\\\/image\\\/\",\"url\":\"https:\\\/\\\/wildfoodtakeaway.ch\\\/wp-content\\\/uploads\\\/2024\\\/01\\\/log.png\",\"contentUrl\":\"https:\\\/\\\/wildfoodtakeaway.ch\\\/wp-content\\\/uploads\\\/2024\\\/01\\\/log.png\",\"width\":606,\"height\":201,\"caption\":\"Wild Food Takeaway\"},\"image\":{\"@id\":\"https:\\\/\\\/wildmexicanfood.ch\\\/de\\\/#\\\/schema\\\/logo\\\/image\\\/\"}}]}<\/script>\n<!-- \/ Yoast SEO plugin. -->","yoast_head_json":{"title":"Mexikanisches Men\u00fc - Burritos, Tacos, Quesadillas - Wild Mexican food","description":"Entdecken Sie unser mexikanisches Men\u00fc mit Optionen f\u00fcr Burritos, Tacos, Quesadillas und mehr. Frische und authentische Gerichte zu erschwinglichen Preisen. Jetzt bestellen!","robots":{"index":"index","follow":"follow","max-snippet":"max-snippet:-1","max-image-preview":"max-image-preview:large","max-video-preview":"max-video-preview:-1"},"canonical":"https:\/\/wildmexicanfood.ch\/de\/menue\/","og_locale":"de_DE","og_type":"article","og_title":"Mexikanisches Men\u00fc - Burritos, Tacos, Quesadillas - Wild Mexican food","og_description":"Entdecken Sie unser mexikanisches Men\u00fc mit Optionen f\u00fcr Burritos, Tacos, Quesadillas und mehr. Frische und authentische Gerichte zu erschwinglichen Preisen. Jetzt bestellen!","og_url":"https:\/\/wildmexicanfood.ch\/de\/menue\/","og_site_name":"Wild Mexican food","article_modified_time":"2024-11-14T17:28:22+00:00","og_image":[{"width":1000,"height":303,"url":"https:\/\/wildmexicanfood.ch\/wp-content\/uploads\/2024\/01\/Logo.png","type":"image\/png"}],"twitter_card":"summary_large_image","twitter_misc":{"Gesch\u00e4tzte Lesezeit":"1\u00a0Minute"},"schema":{"@context":"https:\/\/schema.org","@graph":[{"@type":"WebPage","@id":"https:\/\/wildmexicanfood.ch\/de\/menue\/","url":"https:\/\/wildmexicanfood.ch\/de\/menue\/","name":"Mexikanisches Men\u00fc - Burritos, Tacos, Quesadillas - Wild Mexican food","isPartOf":{"@id":"https:\/\/wildmexicanfood.ch\/de\/#website"},"primaryImageOfPage":{"@id":"https:\/\/wildmexicanfood.ch\/de\/menue\/#primaryimage"},"image":{"@id":"https:\/\/wildmexicanfood.ch\/de\/menue\/#primaryimage"},"thumbnailUrl":"https:\/\/wildmexicanfood.ch\/wp-content\/uploads\/2024\/01\/Logo.png","datePublished":"2024-01-01T16:00:15+00:00","dateModified":"2024-11-14T17:28:22+00:00","description":"Entdecken Sie unser mexikanisches Men\u00fc mit Optionen f\u00fcr Burritos, Tacos, Quesadillas und mehr. Frische und authentische Gerichte zu erschwinglichen Preisen. Jetzt bestellen!","breadcrumb":{"@id":"https:\/\/wildmexicanfood.ch\/de\/menue\/#breadcrumb"},"inLanguage":"de","potentialAction":[{"@type":"ReadAction","target":["https:\/\/wildmexicanfood.ch\/de\/menue\/"]}]},{"@type":"ImageObject","inLanguage":"de","@id":"https:\/\/wildmexicanfood.ch\/de\/menue\/#primaryimage","url":"https:\/\/wildmexicanfood.ch\/wp-content\/uploads\/2024\/01\/Logo.png","contentUrl":"https:\/\/wildmexicanfood.ch\/wp-content\/uploads\/2024\/01\/Logo.png","width":1000,"height":303},{"@type":"BreadcrumbList","@id":"https:\/\/wildmexicanfood.ch\/de\/menue\/#breadcrumb","itemListElement":[{"@type":"ListItem","position":1,"name":"Home","item":"https:\/\/wildmexicanfood.ch\/de\/"},{"@type":"ListItem","position":2,"name":"Men\u00fc"}]},{"@type":"WebSite","@id":"https:\/\/wildmexicanfood.ch\/de\/#website","url":"https:\/\/wildmexicanfood.ch\/de\/","name":"Wild Food Takeaway","description":"D\u00e9couvrez l&#039;\u00e2me de la cuisine mexicaine, \u00e0 emporter ou \u00e0 d\u00e9guster sur place !","publisher":{"@id":"https:\/\/wildmexicanfood.ch\/de\/#organization"},"potentialAction":[{"@type":"SearchAction","target":{"@type":"EntryPoint","urlTemplate":"https:\/\/wildmexicanfood.ch\/de\/?s={search_term_string}"},"query-input":{"@type":"PropertyValueSpecification","valueRequired":true,"valueName":"search_term_string"}}],"inLanguage":"de"},{"@type":"Organization","@id":"https:\/\/wildmexicanfood.ch\/de\/#organization","name":"Wild Food Takeaway","url":"https:\/\/wildmexicanfood.ch\/de\/","logo":{"@type":"ImageObject","inLanguage":"de","@id":"https:\/\/wildmexicanfood.ch\/de\/#\/schema\/logo\/image\/","url":"https:\/\/wildfoodtakeaway.ch\/wp-content\/uploads\/2024\/01\/log.png","contentUrl":"https:\/\/wildfoodtakeaway.ch\/wp-content\/uploads\/2024\/01\/log.png","width":606,"height":201,"caption":"Wild Food Takeaway"},"image":{"@id":"https:\/\/wildmexicanfood.ch\/de\/#\/schema\/logo\/image\/"}}]}},"_links":{"self":[{"href":"https:\/\/wildmexicanfood.ch\/de\/wp-json\/wp\/v2\/pages\/1313","targetHints":{"allow":["GET"]}}],"collection":[{"href":"https:\/\/wildmexicanfood.ch\/de\/wp-json\/wp\/v2\/pages"}],"about":[{"href":"https:\/\/wildmexicanfood.ch\/de\/wp-json\/wp\/v2\/types\/page"}],"author":[{"embeddable":true,"href":"https:\/\/wildmexicanfood.ch\/de\/wp-json\/wp\/v2\/users\/1"}],"replies":[{"embeddable":true,"href":"https:\/\/wildmexicanfood.ch\/de\/wp-json\/wp\/v2\/comments?post=1313"}],"version-history":[{"count":27,"href":"https:\/\/wildmexicanfood.ch\/de\/wp-json\/wp\/v2\/pages\/1313\/revisions"}],"predecessor-version":[{"id":3123,"href":"https:\/\/wildmexicanfood.ch\/de\/wp-json\/wp\/v2\/pages\/1313\/revisions\/3123"}],"wp:featuredmedia":[{"embeddable":true,"href":"https:\/\/wildmexicanfood.ch\/de\/wp-json\/wp\/v2\/media\/1148"}],"wp:attachment":[{"href":"https:\/\/wildmexicanfood.ch\/de\/wp-json\/wp\/v2\/media?parent=1313"}],"curies":[{"name":"wp","href":"https:\/\/api.w.org\/{rel}","templated":true}]}}