{"id":1331,"date":"2024-01-03T20:35:01","date_gmt":"2024-01-03T20:35:01","guid":{"rendered":"https:\/\/luigidellacqua.rigodolo.com\/ernaehrung-allergene\/"},"modified":"2024-11-14T17:36:23","modified_gmt":"2024-11-14T17:36:23","slug":"ernaehrung-allergene","status":"publish","type":"page","link":"https:\/\/wildmexicanfood.ch\/de\/ernaehrung-allergene\/","title":{"rendered":"Ern\u00e4hrung &amp; Allergene"},"content":{"rendered":"\t\t<div data-elementor-type=\"wp-page\" data-elementor-id=\"1331\" class=\"elementor elementor-1331 elementor-144\" data-elementor-post-type=\"page\">\n\t\t\t\t\t\t<section class=\"elementor-section elementor-top-section elementor-element elementor-element-72ea24bc elementor-section-height-min-height elementor-section-boxed elementor-section-height-default elementor-section-items-middle\" data-id=\"72ea24bc\" data-element_type=\"section\" data-settings=\"{&quot;background_background&quot;:&quot;classic&quot;}\">\n\t\t\t\t\t\t\t<div class=\"elementor-background-overlay\"><\/div>\n\t\t\t\t\t\t\t<div class=\"elementor-container elementor-column-gap-default\">\n\t\t\t\t\t<div class=\"elementor-column elementor-col-100 elementor-top-column elementor-element elementor-element-664c71c6\" data-id=\"664c71c6\" data-element_type=\"column\">\n\t\t\t<div class=\"elementor-widget-wrap elementor-element-populated\">\n\t\t\t\t\t\t<div class=\"elementor-element elementor-element-218a81b elementor-invisible elementor-widget elementor-widget-heading\" data-id=\"218a81b\" data-element_type=\"widget\" data-settings=\"{&quot;_animation&quot;:&quot;fadeInUp&quot;}\" data-widget_type=\"heading.default\">\n\t\t\t\t<div class=\"elementor-widget-container\">\n\t\t\t\t\t<h1 class=\"elementor-heading-title elementor-size-default\">Ern\u00e4hrung &amp; Allergene<\/h1>\t\t\t\t<\/div>\n\t\t\t\t<\/div>\n\t\t\t\t<div class=\"elementor-element elementor-element-7c3a4595 elementor-invisible elementor-widget elementor-widget-heading\" data-id=\"7c3a4595\" data-element_type=\"widget\" data-settings=\"{&quot;_animation&quot;:&quot;fadeInUp&quot;}\" data-widget_type=\"heading.default\">\n\t\t\t\t<div class=\"elementor-widget-container\">\n\t\t\t\t\t<span class=\"elementor-heading-title elementor-size-default\">Gesund und sicher essen<\/span>\t\t\t\t<\/div>\n\t\t\t\t<\/div>\n\t\t\t\t\t<\/div>\n\t\t<\/div>\n\t\t\t\t\t<\/div>\n\t\t<\/section>\n\t\t\t\t<section class=\"elementor-section elementor-top-section elementor-element elementor-element-4b30d124 elementor-section-height-min-height elementor-section-boxed elementor-section-height-default elementor-section-items-middle\" data-id=\"4b30d124\" data-element_type=\"section\" data-settings=\"{&quot;background_background&quot;:&quot;classic&quot;}\">\n\t\t\t\t\t\t<div class=\"elementor-container elementor-column-gap-default\">\n\t\t\t\t\t<div class=\"elementor-column elementor-col-100 elementor-top-column elementor-element elementor-element-557e6551\" data-id=\"557e6551\" data-element_type=\"column\">\n\t\t\t<div class=\"elementor-widget-wrap elementor-element-populated\">\n\t\t\t\t\t\t<section class=\"elementor-section elementor-inner-section elementor-element elementor-element-240f86af elementor-section-height-min-height elementor-section-content-middle elementor-section-boxed elementor-section-height-default\" data-id=\"240f86af\" data-element_type=\"section\">\n\t\t\t\t\t\t<div class=\"elementor-container elementor-column-gap-default\">\n\t\t\t\t\t<div class=\"elementor-column elementor-col-100 elementor-inner-column elementor-element elementor-element-1d4c8e36\" data-id=\"1d4c8e36\" data-element_type=\"column\">\n\t\t\t<div class=\"elementor-widget-wrap elementor-element-populated\">\n\t\t\t\t\t\t<div class=\"elementor-element elementor-element-48b1c15f elementor-invisible elementor-widget elementor-widget-heading\" data-id=\"48b1c15f\" data-element_type=\"widget\" data-settings=\"{&quot;_animation&quot;:&quot;fadeInUp&quot;}\" data-widget_type=\"heading.default\">\n\t\t\t\t<div class=\"elementor-widget-container\">\n\t\t\t\t\t<h2 class=\"elementor-heading-title elementor-size-default\">Zutaten<\/h2>\t\t\t\t<\/div>\n\t\t\t\t<\/div>\n\t\t\t\t<div class=\"elementor-element elementor-element-151cb7f2 elementor-invisible elementor-widget elementor-widget-text-editor\" data-id=\"151cb7f2\" data-element_type=\"widget\" data-settings=\"{&quot;_animation&quot;:&quot;fadeInUp&quot;}\" data-widget_type=\"text-editor.default\">\n\t\t\t\t<div class=\"elementor-widget-container\">\n\t\t\t\t\t\t\t\t\t<p>Alle unsere Toppings und Zutaten werden aus frischen, niemals gefrorenen Produkten hergestellt und t\u00e4glich frisch zubereitet. Sie werden eine Erfahrung ohne Zusatzstoffe in unseren Gerichten genie\u00dfen.&nbsp;<\/p>\n<p>Mit unserem vollst\u00e4ndig anpassbaren Men\u00fc haben Sie die Freiheit, einzigartige Gerichte zu kreieren, die Ihrem Geschmack, Ihren W\u00fcnschen und Ihren Ern\u00e4hrungsbed\u00fcrfnissen entsprechen.&nbsp;<\/p>\n<p>Unser Angebot ist auf alle Ern\u00e4hrungsvorlieben abgestimmt, auch auf die von Veganern und Vegetariern.<\/p>\n\t\t\t\t\t\t\t\t<\/div>\n\t\t\t\t<\/div>\n\t\t\t\t\t<\/div>\n\t\t<\/div>\n\t\t\t\t\t<\/div>\n\t\t<\/section>\n\t\t\t\t\t<\/div>\n\t\t<\/div>\n\t\t\t\t\t<\/div>\n\t\t<\/section>\n\t\t<div class=\"elementor-element elementor-element-7e55401 e-flex e-con-boxed e-con e-parent\" data-id=\"7e55401\" data-element_type=\"container\">\n\t\t\t\t\t<div class=\"e-con-inner\">\n\t\t\t\t<div class=\"elementor-element elementor-element-99bfbcf elementor-widget elementor-widget-shortcode\" data-id=\"99bfbcf\" data-element_type=\"widget\" data-widget_type=\"shortcode.default\">\n\t\t\t\t<div class=\"elementor-widget-container\">\n\t\t\t\t\t\t\t<div class=\"elementor-shortcode\"><a href=\"https:\/\/wildmexicanfood.ch\/wp-content\/uploads\/2024\/11\/ALLERGENESINGREDIENTS-glissees-2.pdf\" class=\"pdfemb-viewer\" style=\"\" data-width=\"max\" data-height=\"max\" data-toolbar=\"bottom\" data-toolbar-fixed=\"off\">ALLERGENESINGREDIENTS-glissees-2<\/a><\/div>\n\t\t\t\t\t\t<\/div>\n\t\t\t\t<\/div>\n\t\t\t\t\t<\/div>\n\t\t\t\t<\/div>\n\t\t<div class=\"elementor-element elementor-element-aec8949 e-flex e-con-boxed e-con e-parent\" data-id=\"aec8949\" data-element_type=\"container\">\n\t\t\t\t\t<div class=\"e-con-inner\">\n\t\t\t\t<div class=\"elementor-element elementor-element-21a2662 elementor-widget elementor-widget-shortcode\" data-id=\"21a2662\" data-element_type=\"widget\" data-widget_type=\"shortcode.default\">\n\t\t\t\t<div class=\"elementor-widget-container\">\n\t\t\t\t\t\t\t<div class=\"elementor-shortcode\"><a href=\"https:\/\/wildmexicanfood.ch\/wp-content\/uploads\/2024\/11\/ALLERGENESINGREDIENTS-glissees.pdf\" class=\"pdfemb-viewer\" style=\"\" data-width=\"max\" data-height=\"max\" data-toolbar=\"bottom\" data-toolbar-fixed=\"off\">ALLERGENESINGREDIENTS-glissees<\/a><\/div>\n\t\t\t\t\t\t<\/div>\n\t\t\t\t<\/div>\n\t\t\t\t\t<\/div>\n\t\t\t\t<\/div>\n\t\t\t\t<\/div>\n\t\t","protected":false},"excerpt":{"rendered":"<p>Gesund und sicher essen Zutaten Alle unsere Toppings und Zutaten werden aus frischen, niemals gefrorenen Produkten hergestellt und t\u00e4glich frisch zubereitet. Sie werden eine Erfahrung ohne Zusatzstoffe in unseren Gerichten genie\u00dfen.&nbsp; Mit unserem vollst\u00e4ndig anpassbaren Men\u00fc haben Sie die Freiheit, einzigartige Gerichte zu kreieren, die Ihrem Geschmack, Ihren W\u00fcnschen und Ihren Ern\u00e4hrungsbed\u00fcrfnissen entsprechen.&nbsp; Unser Angebot [&hellip;]<\/p>\n","protected":false},"author":1,"featured_media":1148,"parent":0,"menu_order":0,"comment_status":"closed","ping_status":"closed","template":"","meta":{"_et_pb_use_builder":"","_et_pb_old_content":"","_et_gb_content_width":"","footnotes":""},"class_list":["post-1331","page","type-page","status-publish","has-post-thumbnail","hentry"],"yoast_head":"<!-- This site is optimized with the Yoast SEO plugin v27.5 - https:\/\/yoast.com\/product\/yoast-seo-wordpress\/ -->\n<title>Informationen zu Ern\u00e4hrung und Allergenen - Wild Mexican food<\/title>\n<meta name=\"description\" content=\"Erfahren Sie mehr \u00fcber unser Engagement f\u00fcr frische Zutaten ohne Zusatzstoffe. Sehen Sie sich unsere Liste der Allergene an, um sicher zu essen. Gestalten Sie Ihre Mahlzeit individuell nach Ihren Ern\u00e4hrungsvorlieben.\" \/>\n<meta name=\"robots\" content=\"index, follow, max-snippet:-1, max-image-preview:large, max-video-preview:-1\" \/>\n<link rel=\"canonical\" href=\"https:\/\/wildmexicanfood.ch\/de\/ernaehrung-allergene\/\" \/>\n<meta property=\"og:locale\" content=\"de_DE\" \/>\n<meta property=\"og:type\" content=\"article\" \/>\n<meta property=\"og:title\" content=\"Informationen zu Ern\u00e4hrung und Allergenen - Wild Mexican food\" \/>\n<meta property=\"og:description\" content=\"Erfahren Sie mehr \u00fcber unser Engagement f\u00fcr frische Zutaten ohne Zusatzstoffe. Sehen Sie sich unsere Liste der Allergene an, um sicher zu essen. Gestalten Sie Ihre Mahlzeit individuell nach Ihren Ern\u00e4hrungsvorlieben.\" \/>\n<meta property=\"og:url\" content=\"https:\/\/wildmexicanfood.ch\/de\/ernaehrung-allergene\/\" \/>\n<meta property=\"og:site_name\" content=\"Wild Mexican food\" \/>\n<meta property=\"article:modified_time\" content=\"2024-11-14T17:36:23+00:00\" \/>\n<meta property=\"og:image\" content=\"https:\/\/wildmexicanfood.ch\/wp-content\/uploads\/2024\/01\/Logo.png\" \/>\n\t<meta property=\"og:image:width\" content=\"1000\" \/>\n\t<meta property=\"og:image:height\" content=\"303\" \/>\n\t<meta property=\"og:image:type\" content=\"image\/png\" \/>\n<meta name=\"twitter:card\" content=\"summary_large_image\" \/>\n<meta name=\"twitter:label1\" content=\"Gesch\u00e4tzte Lesezeit\" \/>\n\t<meta name=\"twitter:data1\" content=\"1\u00a0Minute\" \/>\n<script type=\"application\/ld+json\" class=\"yoast-schema-graph\">{\"@context\":\"https:\\\/\\\/schema.org\",\"@graph\":[{\"@type\":\"WebPage\",\"@id\":\"https:\\\/\\\/wildmexicanfood.ch\\\/de\\\/ernaehrung-allergene\\\/\",\"url\":\"https:\\\/\\\/wildmexicanfood.ch\\\/de\\\/ernaehrung-allergene\\\/\",\"name\":\"Informationen zu Ern\u00e4hrung und Allergenen - Wild Mexican food\",\"isPartOf\":{\"@id\":\"https:\\\/\\\/wildmexicanfood.ch\\\/de\\\/#website\"},\"primaryImageOfPage\":{\"@id\":\"https:\\\/\\\/wildmexicanfood.ch\\\/de\\\/ernaehrung-allergene\\\/#primaryimage\"},\"image\":{\"@id\":\"https:\\\/\\\/wildmexicanfood.ch\\\/de\\\/ernaehrung-allergene\\\/#primaryimage\"},\"thumbnailUrl\":\"https:\\\/\\\/wildmexicanfood.ch\\\/wp-content\\\/uploads\\\/2024\\\/01\\\/Logo.png\",\"datePublished\":\"2024-01-03T20:35:01+00:00\",\"dateModified\":\"2024-11-14T17:36:23+00:00\",\"description\":\"Erfahren Sie mehr \u00fcber unser Engagement f\u00fcr frische Zutaten ohne Zusatzstoffe. Sehen Sie sich unsere Liste der Allergene an, um sicher zu essen. Gestalten Sie Ihre Mahlzeit individuell nach Ihren Ern\u00e4hrungsvorlieben.\",\"breadcrumb\":{\"@id\":\"https:\\\/\\\/wildmexicanfood.ch\\\/de\\\/ernaehrung-allergene\\\/#breadcrumb\"},\"inLanguage\":\"de\",\"potentialAction\":[{\"@type\":\"ReadAction\",\"target\":[\"https:\\\/\\\/wildmexicanfood.ch\\\/de\\\/ernaehrung-allergene\\\/\"]}]},{\"@type\":\"ImageObject\",\"inLanguage\":\"de\",\"@id\":\"https:\\\/\\\/wildmexicanfood.ch\\\/de\\\/ernaehrung-allergene\\\/#primaryimage\",\"url\":\"https:\\\/\\\/wildmexicanfood.ch\\\/wp-content\\\/uploads\\\/2024\\\/01\\\/Logo.png\",\"contentUrl\":\"https:\\\/\\\/wildmexicanfood.ch\\\/wp-content\\\/uploads\\\/2024\\\/01\\\/Logo.png\",\"width\":1000,\"height\":303},{\"@type\":\"BreadcrumbList\",\"@id\":\"https:\\\/\\\/wildmexicanfood.ch\\\/de\\\/ernaehrung-allergene\\\/#breadcrumb\",\"itemListElement\":[{\"@type\":\"ListItem\",\"position\":1,\"name\":\"Home\",\"item\":\"https:\\\/\\\/wildmexicanfood.ch\\\/de\\\/\"},{\"@type\":\"ListItem\",\"position\":2,\"name\":\"Ern\u00e4hrung &amp; Allergene\"}]},{\"@type\":\"WebSite\",\"@id\":\"https:\\\/\\\/wildmexicanfood.ch\\\/de\\\/#website\",\"url\":\"https:\\\/\\\/wildmexicanfood.ch\\\/de\\\/\",\"name\":\"Wild Food Takeaway\",\"description\":\"D\u00e9couvrez l&#039;\u00e2me de la cuisine mexicaine, \u00e0 emporter ou \u00e0 d\u00e9guster sur place !\",\"publisher\":{\"@id\":\"https:\\\/\\\/wildmexicanfood.ch\\\/de\\\/#organization\"},\"potentialAction\":[{\"@type\":\"SearchAction\",\"target\":{\"@type\":\"EntryPoint\",\"urlTemplate\":\"https:\\\/\\\/wildmexicanfood.ch\\\/de\\\/?s={search_term_string}\"},\"query-input\":{\"@type\":\"PropertyValueSpecification\",\"valueRequired\":true,\"valueName\":\"search_term_string\"}}],\"inLanguage\":\"de\"},{\"@type\":\"Organization\",\"@id\":\"https:\\\/\\\/wildmexicanfood.ch\\\/de\\\/#organization\",\"name\":\"Wild Food Takeaway\",\"url\":\"https:\\\/\\\/wildmexicanfood.ch\\\/de\\\/\",\"logo\":{\"@type\":\"ImageObject\",\"inLanguage\":\"de\",\"@id\":\"https:\\\/\\\/wildmexicanfood.ch\\\/de\\\/#\\\/schema\\\/logo\\\/image\\\/\",\"url\":\"https:\\\/\\\/wildfoodtakeaway.ch\\\/wp-content\\\/uploads\\\/2024\\\/01\\\/log.png\",\"contentUrl\":\"https:\\\/\\\/wildfoodtakeaway.ch\\\/wp-content\\\/uploads\\\/2024\\\/01\\\/log.png\",\"width\":606,\"height\":201,\"caption\":\"Wild Food Takeaway\"},\"image\":{\"@id\":\"https:\\\/\\\/wildmexicanfood.ch\\\/de\\\/#\\\/schema\\\/logo\\\/image\\\/\"}}]}<\/script>\n<!-- \/ Yoast SEO plugin. -->","yoast_head_json":{"title":"Informationen zu Ern\u00e4hrung und Allergenen - Wild Mexican food","description":"Erfahren Sie mehr \u00fcber unser Engagement f\u00fcr frische Zutaten ohne Zusatzstoffe. Sehen Sie sich unsere Liste der Allergene an, um sicher zu essen. Gestalten Sie Ihre Mahlzeit individuell nach Ihren Ern\u00e4hrungsvorlieben.","robots":{"index":"index","follow":"follow","max-snippet":"max-snippet:-1","max-image-preview":"max-image-preview:large","max-video-preview":"max-video-preview:-1"},"canonical":"https:\/\/wildmexicanfood.ch\/de\/ernaehrung-allergene\/","og_locale":"de_DE","og_type":"article","og_title":"Informationen zu Ern\u00e4hrung und Allergenen - Wild Mexican food","og_description":"Erfahren Sie mehr \u00fcber unser Engagement f\u00fcr frische Zutaten ohne Zusatzstoffe. Sehen Sie sich unsere Liste der Allergene an, um sicher zu essen. Gestalten Sie Ihre Mahlzeit individuell nach Ihren Ern\u00e4hrungsvorlieben.","og_url":"https:\/\/wildmexicanfood.ch\/de\/ernaehrung-allergene\/","og_site_name":"Wild Mexican food","article_modified_time":"2024-11-14T17:36:23+00:00","og_image":[{"width":1000,"height":303,"url":"https:\/\/wildmexicanfood.ch\/wp-content\/uploads\/2024\/01\/Logo.png","type":"image\/png"}],"twitter_card":"summary_large_image","twitter_misc":{"Gesch\u00e4tzte Lesezeit":"1\u00a0Minute"},"schema":{"@context":"https:\/\/schema.org","@graph":[{"@type":"WebPage","@id":"https:\/\/wildmexicanfood.ch\/de\/ernaehrung-allergene\/","url":"https:\/\/wildmexicanfood.ch\/de\/ernaehrung-allergene\/","name":"Informationen zu Ern\u00e4hrung und Allergenen - Wild Mexican food","isPartOf":{"@id":"https:\/\/wildmexicanfood.ch\/de\/#website"},"primaryImageOfPage":{"@id":"https:\/\/wildmexicanfood.ch\/de\/ernaehrung-allergene\/#primaryimage"},"image":{"@id":"https:\/\/wildmexicanfood.ch\/de\/ernaehrung-allergene\/#primaryimage"},"thumbnailUrl":"https:\/\/wildmexicanfood.ch\/wp-content\/uploads\/2024\/01\/Logo.png","datePublished":"2024-01-03T20:35:01+00:00","dateModified":"2024-11-14T17:36:23+00:00","description":"Erfahren Sie mehr \u00fcber unser Engagement f\u00fcr frische Zutaten ohne Zusatzstoffe. Sehen Sie sich unsere Liste der Allergene an, um sicher zu essen. Gestalten Sie Ihre Mahlzeit individuell nach Ihren Ern\u00e4hrungsvorlieben.","breadcrumb":{"@id":"https:\/\/wildmexicanfood.ch\/de\/ernaehrung-allergene\/#breadcrumb"},"inLanguage":"de","potentialAction":[{"@type":"ReadAction","target":["https:\/\/wildmexicanfood.ch\/de\/ernaehrung-allergene\/"]}]},{"@type":"ImageObject","inLanguage":"de","@id":"https:\/\/wildmexicanfood.ch\/de\/ernaehrung-allergene\/#primaryimage","url":"https:\/\/wildmexicanfood.ch\/wp-content\/uploads\/2024\/01\/Logo.png","contentUrl":"https:\/\/wildmexicanfood.ch\/wp-content\/uploads\/2024\/01\/Logo.png","width":1000,"height":303},{"@type":"BreadcrumbList","@id":"https:\/\/wildmexicanfood.ch\/de\/ernaehrung-allergene\/#breadcrumb","itemListElement":[{"@type":"ListItem","position":1,"name":"Home","item":"https:\/\/wildmexicanfood.ch\/de\/"},{"@type":"ListItem","position":2,"name":"Ern\u00e4hrung &amp; Allergene"}]},{"@type":"WebSite","@id":"https:\/\/wildmexicanfood.ch\/de\/#website","url":"https:\/\/wildmexicanfood.ch\/de\/","name":"Wild Food Takeaway","description":"D\u00e9couvrez l&#039;\u00e2me de la cuisine mexicaine, \u00e0 emporter ou \u00e0 d\u00e9guster sur place !","publisher":{"@id":"https:\/\/wildmexicanfood.ch\/de\/#organization"},"potentialAction":[{"@type":"SearchAction","target":{"@type":"EntryPoint","urlTemplate":"https:\/\/wildmexicanfood.ch\/de\/?s={search_term_string}"},"query-input":{"@type":"PropertyValueSpecification","valueRequired":true,"valueName":"search_term_string"}}],"inLanguage":"de"},{"@type":"Organization","@id":"https:\/\/wildmexicanfood.ch\/de\/#organization","name":"Wild Food Takeaway","url":"https:\/\/wildmexicanfood.ch\/de\/","logo":{"@type":"ImageObject","inLanguage":"de","@id":"https:\/\/wildmexicanfood.ch\/de\/#\/schema\/logo\/image\/","url":"https:\/\/wildfoodtakeaway.ch\/wp-content\/uploads\/2024\/01\/log.png","contentUrl":"https:\/\/wildfoodtakeaway.ch\/wp-content\/uploads\/2024\/01\/log.png","width":606,"height":201,"caption":"Wild Food Takeaway"},"image":{"@id":"https:\/\/wildmexicanfood.ch\/de\/#\/schema\/logo\/image\/"}}]}},"_links":{"self":[{"href":"https:\/\/wildmexicanfood.ch\/de\/wp-json\/wp\/v2\/pages\/1331","targetHints":{"allow":["GET"]}}],"collection":[{"href":"https:\/\/wildmexicanfood.ch\/de\/wp-json\/wp\/v2\/pages"}],"about":[{"href":"https:\/\/wildmexicanfood.ch\/de\/wp-json\/wp\/v2\/types\/page"}],"author":[{"embeddable":true,"href":"https:\/\/wildmexicanfood.ch\/de\/wp-json\/wp\/v2\/users\/1"}],"replies":[{"embeddable":true,"href":"https:\/\/wildmexicanfood.ch\/de\/wp-json\/wp\/v2\/comments?post=1331"}],"version-history":[{"count":17,"href":"https:\/\/wildmexicanfood.ch\/de\/wp-json\/wp\/v2\/pages\/1331\/revisions"}],"predecessor-version":[{"id":3146,"href":"https:\/\/wildmexicanfood.ch\/de\/wp-json\/wp\/v2\/pages\/1331\/revisions\/3146"}],"wp:featuredmedia":[{"embeddable":true,"href":"https:\/\/wildmexicanfood.ch\/de\/wp-json\/wp\/v2\/media\/1148"}],"wp:attachment":[{"href":"https:\/\/wildmexicanfood.ch\/de\/wp-json\/wp\/v2\/media?parent=1331"}],"curies":[{"name":"wp","href":"https:\/\/api.w.org\/{rel}","templated":true}]}}