{"id":1333,"date":"2024-01-06T21:28:26","date_gmt":"2024-01-06T21:28:26","guid":{"rendered":"https:\/\/luigidellacqua.rigodolo.com\/ueber\/"},"modified":"2024-09-01T17:32:52","modified_gmt":"2024-09-01T17:32:52","slug":"ueber","status":"publish","type":"page","link":"https:\/\/wildmexicanfood.ch\/de\/ueber\/","title":{"rendered":"\u00dcber"},"content":{"rendered":"\t\t<div data-elementor-type=\"wp-page\" data-elementor-id=\"1333\" class=\"elementor elementor-1333 elementor-227\" data-elementor-post-type=\"page\">\n\t\t\t\t\t\t<section class=\"elementor-section elementor-top-section elementor-element elementor-element-f1d3c34 elementor-section-height-min-height elementor-section-boxed elementor-section-height-default elementor-section-items-middle\" data-id=\"f1d3c34\" data-element_type=\"section\" data-settings=\"{&quot;background_background&quot;:&quot;classic&quot;}\">\n\t\t\t\t\t\t\t<div class=\"elementor-background-overlay\"><\/div>\n\t\t\t\t\t\t\t<div class=\"elementor-container elementor-column-gap-default\">\n\t\t\t\t\t<div class=\"elementor-column elementor-col-100 elementor-top-column elementor-element elementor-element-68008a0\" data-id=\"68008a0\" data-element_type=\"column\">\n\t\t\t<div class=\"elementor-widget-wrap elementor-element-populated\">\n\t\t\t\t\t\t<div class=\"elementor-element elementor-element-0853cb2 elementor-invisible elementor-widget elementor-widget-heading\" data-id=\"0853cb2\" data-element_type=\"widget\" data-settings=\"{&quot;_animation&quot;:&quot;fadeInUp&quot;}\" data-widget_type=\"heading.default\">\n\t\t\t\t<div class=\"elementor-widget-container\">\n\t\t\t\t\t<h1 class=\"elementor-heading-title elementor-size-default\">\u00dcber<\/h1>\t\t\t\t<\/div>\n\t\t\t\t<\/div>\n\t\t\t\t<div class=\"elementor-element elementor-element-384c08b elementor-invisible elementor-widget elementor-widget-heading\" data-id=\"384c08b\" data-element_type=\"widget\" data-settings=\"{&quot;_animation&quot;:&quot;fadeInUp&quot;}\" data-widget_type=\"heading.default\">\n\t\t\t\t<div class=\"elementor-widget-container\">\n\t\t\t\t\t<span class=\"elementor-heading-title elementor-size-default\">Unsere Verpflichtung gegen\u00fcber authentischem mexikanischem Essen<\/span>\t\t\t\t<\/div>\n\t\t\t\t<\/div>\n\t\t\t\t\t<\/div>\n\t\t<\/div>\n\t\t\t\t\t<\/div>\n\t\t<\/section>\n\t\t\t\t<section class=\"elementor-section elementor-top-section elementor-element elementor-element-f956109 elementor-section-height-min-height elementor-section-boxed elementor-section-height-default elementor-section-items-middle\" data-id=\"f956109\" data-element_type=\"section\" data-settings=\"{&quot;background_background&quot;:&quot;classic&quot;}\">\n\t\t\t\t\t\t\t<div class=\"elementor-background-overlay\"><\/div>\n\t\t\t\t\t\t\t<div class=\"elementor-container elementor-column-gap-default\">\n\t\t\t\t\t<div class=\"elementor-column elementor-col-50 elementor-top-column elementor-element elementor-element-8b9b46f\" data-id=\"8b9b46f\" data-element_type=\"column\" data-settings=\"{&quot;background_background&quot;:&quot;classic&quot;}\">\n\t\t\t<div class=\"elementor-widget-wrap elementor-element-populated\">\n\t\t\t\t\t\t<section class=\"elementor-section elementor-inner-section elementor-element elementor-element-e10fd32 elementor-section-height-min-height elementor-section-content-middle elementor-section-full_width elementor-section-height-default\" data-id=\"e10fd32\" data-element_type=\"section\">\n\t\t\t\t\t\t<div class=\"elementor-container elementor-column-gap-default\">\n\t\t\t\t\t<div class=\"elementor-column elementor-col-100 elementor-inner-column elementor-element elementor-element-d7a1837\" data-id=\"d7a1837\" data-element_type=\"column\">\n\t\t\t<div class=\"elementor-widget-wrap elementor-element-populated\">\n\t\t\t\t\t\t<div class=\"elementor-element elementor-element-9770eb4 elementor-invisible elementor-widget elementor-widget-heading\" data-id=\"9770eb4\" data-element_type=\"widget\" data-settings=\"{&quot;_animation&quot;:&quot;fadeInUp&quot;}\" data-widget_type=\"heading.default\">\n\t\t\t\t<div class=\"elementor-widget-container\">\n\t\t\t\t\t<p class=\"elementor-heading-title elementor-size-default\">Unser Engagement<\/p>\t\t\t\t<\/div>\n\t\t\t\t<\/div>\n\t\t\t\t<div class=\"elementor-element elementor-element-8f774b9 elementor-invisible elementor-widget elementor-widget-heading\" data-id=\"8f774b9\" data-element_type=\"widget\" data-settings=\"{&quot;_animation&quot;:&quot;fadeInUp&quot;}\" data-widget_type=\"heading.default\">\n\t\t\t\t<div class=\"elementor-widget-container\">\n\t\t\t\t\t<h2 class=\"elementor-heading-title elementor-size-default\">\u00dcber Wild - Mexican Food<\/h2>\t\t\t\t<\/div>\n\t\t\t\t<\/div>\n\t\t\t\t<div class=\"elementor-element elementor-element-8b6d192 elementor-invisible elementor-widget elementor-widget-text-editor\" data-id=\"8b6d192\" data-element_type=\"widget\" data-settings=\"{&quot;_animation&quot;:&quot;fadeInUp&quot;}\" data-widget_type=\"text-editor.default\">\n\t\t\t\t<div class=\"elementor-widget-container\">\n\t\t\t\t\t\t\t\t\t<p>Wild &#8211; Mexican Food wurde nach dem Prinzip des <strong>&#8222;Wohlf\u00fchlens&#8220;<\/strong> gegr\u00fcndet.<\/p><p>Im Gegensatz zu vielen Fast-Food-Restaurants, die industrielle Zutaten und synthetische Zusatzstoffe verwenden, kaufen wir bevorzugt Fleisch und lokale Produkte von bester Qualit\u00e4t und bereiten sie mit traditionellen Methoden zu.<\/p><p>Heutzutage ist es sehr schwierig, sich au\u00dferhalb der eigenen vier W\u00e4nde schmackhaft und gesundheitsf\u00f6rdernd zu ern\u00e4hren. Wir sind der Meinung, dass die Lebensmittel, die wir essen, ihre Herkunft und die Art ihrer Zubereitung direkte Auswirkungen auf die Gesundheit von Einzelpersonen, Gemeinschaften und der Umwelt haben.<\/p><p>Dar\u00fcber hinaus haben Zehntausende von Menschen einen vollen Terminkalender mit wenig Zeit f\u00fcr die Zubereitung von Mahlzeiten, was dazu f\u00fchrt, dass sie sich f\u00fcr ungesunde und qualitativ minderwertige Ern\u00e4hrungsoptionen entscheiden.<\/p>\t\t\t\t\t\t\t\t<\/div>\n\t\t\t\t<\/div>\n\t\t\t\t\t<\/div>\n\t\t<\/div>\n\t\t\t\t\t<\/div>\n\t\t<\/section>\n\t\t\t\t\t<\/div>\n\t\t<\/div>\n\t\t\t\t<div class=\"elementor-column elementor-col-50 elementor-top-column elementor-element elementor-element-08e8601 elementor-hidden-mobile\" data-id=\"08e8601\" data-element_type=\"column\" data-settings=\"{&quot;background_background&quot;:&quot;classic&quot;}\">\n\t\t\t<div class=\"elementor-widget-wrap elementor-element-populated\">\n\t\t\t\t\t\t<div class=\"elementor-element elementor-element-a5ed8e4 elementor-widget elementor-widget-spacer\" data-id=\"a5ed8e4\" data-element_type=\"widget\" data-widget_type=\"spacer.default\">\n\t\t\t\t<div class=\"elementor-widget-container\">\n\t\t\t\t\t\t\t<div class=\"elementor-spacer\">\n\t\t\t<div class=\"elementor-spacer-inner\"><\/div>\n\t\t<\/div>\n\t\t\t\t\t\t<\/div>\n\t\t\t\t<\/div>\n\t\t\t\t\t<\/div>\n\t\t<\/div>\n\t\t\t\t\t<\/div>\n\t\t<\/section>\n\t\t\t\t<section class=\"elementor-section elementor-top-section elementor-element elementor-element-54e339f elementor-section-boxed elementor-section-height-default elementor-section-height-default\" data-id=\"54e339f\" data-element_type=\"section\" data-settings=\"{&quot;background_background&quot;:&quot;classic&quot;}\">\n\t\t\t\t\t\t\t<div class=\"elementor-background-overlay\"><\/div>\n\t\t\t\t\t\t\t<div class=\"elementor-container elementor-column-gap-default\">\n\t\t\t\t\t<div class=\"elementor-column elementor-col-100 elementor-top-column elementor-element elementor-element-4896da1\" data-id=\"4896da1\" data-element_type=\"column\" data-settings=\"{&quot;background_background&quot;:&quot;classic&quot;}\">\n\t\t\t<div class=\"elementor-widget-wrap elementor-element-populated\">\n\t\t\t\t\t\t<section class=\"elementor-section elementor-inner-section elementor-element elementor-element-790cdac elementor-section-height-min-height elementor-section-content-middle elementor-section-boxed elementor-section-height-default\" data-id=\"790cdac\" data-element_type=\"section\">\n\t\t\t\t\t\t<div class=\"elementor-container elementor-column-gap-default\">\n\t\t\t\t\t<div class=\"elementor-column elementor-col-100 elementor-inner-column elementor-element elementor-element-238ad42\" data-id=\"238ad42\" data-element_type=\"column\">\n\t\t\t<div class=\"elementor-widget-wrap elementor-element-populated\">\n\t\t\t\t\t\t<div class=\"elementor-element elementor-element-fb186b4 elementor-invisible elementor-widget elementor-widget-heading\" data-id=\"fb186b4\" data-element_type=\"widget\" data-settings=\"{&quot;_animation&quot;:&quot;fadeInUp&quot;}\" data-widget_type=\"heading.default\">\n\t\t\t\t<div class=\"elementor-widget-container\">\n\t\t\t\t\t<p class=\"elementor-heading-title elementor-size-default\">Unser kulinarisches Engagement<\/p>\t\t\t\t<\/div>\n\t\t\t\t<\/div>\n\t\t\t\t<div class=\"elementor-element elementor-element-937b5e9 elementor-invisible elementor-widget elementor-widget-heading\" data-id=\"937b5e9\" data-element_type=\"widget\" data-settings=\"{&quot;_animation&quot;:&quot;fadeInUp&quot;}\" data-widget_type=\"heading.default\">\n\t\t\t\t<div class=\"elementor-widget-container\">\n\t\t\t\t\t<h2 class=\"elementor-heading-title elementor-size-default\">Authentische und abwechslungsreiche mexikanische K\u00fcche<\/h2>\t\t\t\t<\/div>\n\t\t\t\t<\/div>\n\t\t\t\t<div class=\"elementor-element elementor-element-e74f9f1 elementor-invisible elementor-widget elementor-widget-text-editor\" data-id=\"e74f9f1\" data-element_type=\"widget\" data-settings=\"{&quot;_animation&quot;:&quot;fadeInUp&quot;}\" data-widget_type=\"text-editor.default\">\n\t\t\t\t<div class=\"elementor-widget-container\">\n\t\t\t\t\t\t\t\t\t<p>Bei <b>Wild &#8211; Mexican Food<\/b>\u00a0bieten wir Ihnen mexikanisches Essen an, wobei wir so viel wie m\u00f6glich auf lokale Produkte setzen, die jeden Tag frisch zubereitet werden. Unsere K\u00fcche bietet auch unumg\u00e4ngliche Optionen, die f\u00fcr Veganer, Vegetarier, Laktose- und Glutenfreie geeignet sind.<\/p><p>Wir wollen die Standards des Take-away neu erfinden, indem wir ein :<\/p>\t\t\t\t\t\t\t\t<\/div>\n\t\t\t\t<\/div>\n\t\t\t\t\t<\/div>\n\t\t<\/div>\n\t\t\t\t\t<\/div>\n\t\t<\/section>\n\t\t\t\t\t<\/div>\n\t\t<\/div>\n\t\t\t\t\t<\/div>\n\t\t<\/section>\n\t\t<div class=\"elementor-element elementor-element-00e72f6 e-flex e-con-boxed e-con e-parent\" data-id=\"00e72f6\" data-element_type=\"container\">\n\t\t\t\t\t<div class=\"e-con-inner\">\n\t\t<div class=\"elementor-element elementor-element-3f1995f e-con-full e-flex elementor-invisible e-con e-child\" data-id=\"3f1995f\" data-element_type=\"container\" data-settings=\"{&quot;animation&quot;:&quot;fadeInUp&quot;}\">\n\t\t\t\t<div class=\"elementor-element elementor-element-c97c1fe elementor-view-default elementor-widget elementor-widget-icon\" data-id=\"c97c1fe\" data-element_type=\"widget\" data-widget_type=\"icon.default\">\n\t\t\t\t<div class=\"elementor-widget-container\">\n\t\t\t\t\t\t\t<div class=\"elementor-icon-wrapper\">\n\t\t\t<div class=\"elementor-icon\">\n\t\t\t<i aria-hidden=\"true\" class=\"fas fa-stopwatch-20\"><\/i>\t\t\t<\/div>\n\t\t<\/div>\n\t\t\t\t\t\t<\/div>\n\t\t\t\t<\/div>\n\t\t\t\t<div class=\"elementor-element elementor-element-c158509 elementor-widget elementor-widget-heading\" data-id=\"c158509\" data-element_type=\"widget\" data-widget_type=\"heading.default\">\n\t\t\t\t<div class=\"elementor-widget-container\">\n\t\t\t\t\t<p class=\"elementor-heading-title elementor-size-default\">Schnell<\/p>\t\t\t\t<\/div>\n\t\t\t\t<\/div>\n\t\t\t\t<div class=\"elementor-element elementor-element-2fb5455 elementor-widget elementor-widget-text-editor\" data-id=\"2fb5455\" data-element_type=\"widget\" data-widget_type=\"text-editor.default\">\n\t\t\t\t<div class=\"elementor-widget-container\">\n\t\t\t\t\t\t\t\t\t<p>Bei Wild &#8211; Mexican Food bieten wir Ihnen schnelles Essen, das Ihrem vollen Terminkalender gerecht wird, ohne dabei Kompromisse bei Qualit\u00e4t und Frische einzugehen.<\/p>\t\t\t\t\t\t\t\t<\/div>\n\t\t\t\t<\/div>\n\t\t\t\t<\/div>\n\t\t<div class=\"elementor-element elementor-element-f7c6eb7 e-con-full e-flex elementor-invisible e-con e-child\" data-id=\"f7c6eb7\" data-element_type=\"container\" data-settings=\"{&quot;animation&quot;:&quot;fadeInUp&quot;}\">\n\t\t\t\t<div class=\"elementor-element elementor-element-edcfff0 elementor-view-default elementor-widget elementor-widget-icon\" data-id=\"edcfff0\" data-element_type=\"widget\" data-widget_type=\"icon.default\">\n\t\t\t\t<div class=\"elementor-widget-container\">\n\t\t\t\t\t\t\t<div class=\"elementor-icon-wrapper\">\n\t\t\t<div class=\"elementor-icon\">\n\t\t\t<i aria-hidden=\"true\" class=\"fas fa-leaf\"><\/i>\t\t\t<\/div>\n\t\t<\/div>\n\t\t\t\t\t\t<\/div>\n\t\t\t\t<\/div>\n\t\t\t\t<div class=\"elementor-element elementor-element-56c72c9 elementor-widget elementor-widget-heading\" data-id=\"56c72c9\" data-element_type=\"widget\" data-widget_type=\"heading.default\">\n\t\t\t\t<div class=\"elementor-widget-container\">\n\t\t\t\t\t<p class=\"elementor-heading-title elementor-size-default\">Frisch<\/p>\t\t\t\t<\/div>\n\t\t\t\t<\/div>\n\t\t\t\t<div class=\"elementor-element elementor-element-0f334b6 elementor-widget elementor-widget-text-editor\" data-id=\"0f334b6\" data-element_type=\"widget\" data-widget_type=\"text-editor.default\">\n\t\t\t\t<div class=\"elementor-widget-container\">\n\t\t\t\t\t\t\t\t\t<p>Unsere K\u00fcche wird t\u00e4glich frisch mit Zutaten aus der Region zubereitet und garantiert, dass jeder Bissen ein frischer Genuss ist.<\/p>\n\t\t\t\t\t\t\t\t<\/div>\n\t\t\t\t<\/div>\n\t\t\t\t<\/div>\n\t\t<div class=\"elementor-element elementor-element-d330303 e-con-full e-flex elementor-invisible e-con e-child\" data-id=\"d330303\" data-element_type=\"container\" data-settings=\"{&quot;animation&quot;:&quot;fadeInUp&quot;}\">\n\t\t\t\t<div class=\"elementor-element elementor-element-15ec359 elementor-view-default elementor-widget elementor-widget-icon\" data-id=\"15ec359\" data-element_type=\"widget\" data-widget_type=\"icon.default\">\n\t\t\t\t<div class=\"elementor-widget-container\">\n\t\t\t\t\t\t\t<div class=\"elementor-icon-wrapper\">\n\t\t\t<div class=\"elementor-icon\">\n\t\t\t<i aria-hidden=\"true\" class=\"fas fa-utensils\"><\/i>\t\t\t<\/div>\n\t\t<\/div>\n\t\t\t\t\t\t<\/div>\n\t\t\t\t<\/div>\n\t\t\t\t<div class=\"elementor-element elementor-element-b7afcae elementor-widget elementor-widget-heading\" data-id=\"b7afcae\" data-element_type=\"widget\" data-widget_type=\"heading.default\">\n\t\t\t\t<div class=\"elementor-widget-container\">\n\t\t\t\t\t<p class=\"elementor-heading-title elementor-size-default\">Herzhaft<\/p>\t\t\t\t<\/div>\n\t\t\t\t<\/div>\n\t\t\t\t<div class=\"elementor-element elementor-element-64ea189 elementor-widget elementor-widget-text-editor\" data-id=\"64ea189\" data-element_type=\"widget\" data-widget_type=\"text-editor.default\">\n\t\t\t\t<div class=\"elementor-widget-container\">\n\t\t\t\t\t\t\t\t\t<p>Wir sind entschlossen, die Standards f\u00fcr Take-away neu zu erfinden, indem wir schmackhaftes Essen anbieten, das bei jeder Mahlzeit Ihre Geschmacksnerven anregt.<\/p>\n\t\t\t\t\t\t\t\t<\/div>\n\t\t\t\t<\/div>\n\t\t\t\t<\/div>\n\t\t\t\t\t<\/div>\n\t\t\t\t<\/div>\n\t\t\t\t<\/div>\n\t\t","protected":false},"excerpt":{"rendered":"<p>Unsere Verpflichtung gegen\u00fcber authentischem mexikanischem Essen Unser Engagement \u00dcber Wild &#8211; Mexican Food Wild &#8211; Mexican Food wurde nach dem Prinzip des &#8222;Wohlf\u00fchlens&#8220; gegr\u00fcndet.Im Gegensatz zu vielen Fast-Food-Restaurants, die industrielle Zutaten und synthetische Zusatzstoffe verwenden, kaufen wir bevorzugt Fleisch und lokale Produkte von bester Qualit\u00e4t und bereiten sie mit traditionellen Methoden zu.Heutzutage ist es sehr [&hellip;]<\/p>\n","protected":false},"author":1,"featured_media":1148,"parent":0,"menu_order":0,"comment_status":"closed","ping_status":"closed","template":"","meta":{"_et_pb_use_builder":"on","_et_pb_old_content":"","_et_gb_content_width":"","footnotes":""},"class_list":["post-1333","page","type-page","status-publish","has-post-thumbnail","hentry"],"yoast_head":"<!-- This site is optimized with the Yoast SEO plugin v27.5 - https:\/\/yoast.com\/product\/yoast-seo-wordpress\/ -->\n<title>\u00dcber Wild Food Takeaway - Authentische mexikanische K\u00fcche<\/title>\n<meta name=\"description\" content=\"Erfahren Sie mehr \u00fcber unser Engagement f\u00fcr eine authentische, frische und abwechslungsreiche mexikanische K\u00fcche. Optionen f\u00fcr Veganer, Vegetarier, Laktose- und Glutenfreie. Genie\u00dfen Sie das Wesen Mexikos.\" \/>\n<meta name=\"robots\" content=\"index, follow, max-snippet:-1, max-image-preview:large, max-video-preview:-1\" \/>\n<link rel=\"canonical\" href=\"https:\/\/wildmexicanfood.ch\/de\/ueber\/\" \/>\n<meta property=\"og:locale\" content=\"de_DE\" \/>\n<meta property=\"og:type\" content=\"article\" \/>\n<meta property=\"og:title\" content=\"\u00dcber Wild Food Takeaway - Authentische mexikanische K\u00fcche\" \/>\n<meta property=\"og:description\" content=\"Erfahren Sie mehr \u00fcber unser Engagement f\u00fcr eine authentische, frische und abwechslungsreiche mexikanische K\u00fcche. Optionen f\u00fcr Veganer, Vegetarier, Laktose- und Glutenfreie. Genie\u00dfen Sie das Wesen Mexikos.\" \/>\n<meta property=\"og:url\" content=\"https:\/\/wildmexicanfood.ch\/de\/ueber\/\" \/>\n<meta property=\"og:site_name\" content=\"Wild Mexican food\" \/>\n<meta property=\"article:modified_time\" content=\"2024-09-01T17:32:52+00:00\" \/>\n<meta property=\"og:image\" content=\"https:\/\/wildmexicanfood.ch\/wp-content\/uploads\/2024\/01\/Logo.png\" \/>\n\t<meta property=\"og:image:width\" content=\"1000\" \/>\n\t<meta property=\"og:image:height\" content=\"303\" \/>\n\t<meta property=\"og:image:type\" content=\"image\/png\" \/>\n<meta name=\"twitter:card\" content=\"summary_large_image\" \/>\n<meta name=\"twitter:label1\" content=\"Gesch\u00e4tzte Lesezeit\" \/>\n\t<meta name=\"twitter:data1\" content=\"2\u00a0Minuten\" \/>\n<script type=\"application\/ld+json\" class=\"yoast-schema-graph\">{\"@context\":\"https:\\\/\\\/schema.org\",\"@graph\":[{\"@type\":\"WebPage\",\"@id\":\"https:\\\/\\\/wildmexicanfood.ch\\\/de\\\/ueber\\\/\",\"url\":\"https:\\\/\\\/wildmexicanfood.ch\\\/de\\\/ueber\\\/\",\"name\":\"\u00dcber Wild Food Takeaway - Authentische mexikanische K\u00fcche\",\"isPartOf\":{\"@id\":\"https:\\\/\\\/wildmexicanfood.ch\\\/de\\\/#website\"},\"primaryImageOfPage\":{\"@id\":\"https:\\\/\\\/wildmexicanfood.ch\\\/de\\\/ueber\\\/#primaryimage\"},\"image\":{\"@id\":\"https:\\\/\\\/wildmexicanfood.ch\\\/de\\\/ueber\\\/#primaryimage\"},\"thumbnailUrl\":\"https:\\\/\\\/wildmexicanfood.ch\\\/wp-content\\\/uploads\\\/2024\\\/01\\\/Logo.png\",\"datePublished\":\"2024-01-06T21:28:26+00:00\",\"dateModified\":\"2024-09-01T17:32:52+00:00\",\"description\":\"Erfahren Sie mehr \u00fcber unser Engagement f\u00fcr eine authentische, frische und abwechslungsreiche mexikanische K\u00fcche. Optionen f\u00fcr Veganer, Vegetarier, Laktose- und Glutenfreie. Genie\u00dfen Sie das Wesen Mexikos.\",\"breadcrumb\":{\"@id\":\"https:\\\/\\\/wildmexicanfood.ch\\\/de\\\/ueber\\\/#breadcrumb\"},\"inLanguage\":\"de\",\"potentialAction\":[{\"@type\":\"ReadAction\",\"target\":[\"https:\\\/\\\/wildmexicanfood.ch\\\/de\\\/ueber\\\/\"]}]},{\"@type\":\"ImageObject\",\"inLanguage\":\"de\",\"@id\":\"https:\\\/\\\/wildmexicanfood.ch\\\/de\\\/ueber\\\/#primaryimage\",\"url\":\"https:\\\/\\\/wildmexicanfood.ch\\\/wp-content\\\/uploads\\\/2024\\\/01\\\/Logo.png\",\"contentUrl\":\"https:\\\/\\\/wildmexicanfood.ch\\\/wp-content\\\/uploads\\\/2024\\\/01\\\/Logo.png\",\"width\":1000,\"height\":303},{\"@type\":\"BreadcrumbList\",\"@id\":\"https:\\\/\\\/wildmexicanfood.ch\\\/de\\\/ueber\\\/#breadcrumb\",\"itemListElement\":[{\"@type\":\"ListItem\",\"position\":1,\"name\":\"Home\",\"item\":\"https:\\\/\\\/wildmexicanfood.ch\\\/de\\\/\"},{\"@type\":\"ListItem\",\"position\":2,\"name\":\"\u00dcber\"}]},{\"@type\":\"WebSite\",\"@id\":\"https:\\\/\\\/wildmexicanfood.ch\\\/de\\\/#website\",\"url\":\"https:\\\/\\\/wildmexicanfood.ch\\\/de\\\/\",\"name\":\"Wild Food Takeaway\",\"description\":\"D\u00e9couvrez l&#039;\u00e2me de la cuisine mexicaine, \u00e0 emporter ou \u00e0 d\u00e9guster sur place !\",\"publisher\":{\"@id\":\"https:\\\/\\\/wildmexicanfood.ch\\\/de\\\/#organization\"},\"potentialAction\":[{\"@type\":\"SearchAction\",\"target\":{\"@type\":\"EntryPoint\",\"urlTemplate\":\"https:\\\/\\\/wildmexicanfood.ch\\\/de\\\/?s={search_term_string}\"},\"query-input\":{\"@type\":\"PropertyValueSpecification\",\"valueRequired\":true,\"valueName\":\"search_term_string\"}}],\"inLanguage\":\"de\"},{\"@type\":\"Organization\",\"@id\":\"https:\\\/\\\/wildmexicanfood.ch\\\/de\\\/#organization\",\"name\":\"Wild Food Takeaway\",\"url\":\"https:\\\/\\\/wildmexicanfood.ch\\\/de\\\/\",\"logo\":{\"@type\":\"ImageObject\",\"inLanguage\":\"de\",\"@id\":\"https:\\\/\\\/wildmexicanfood.ch\\\/de\\\/#\\\/schema\\\/logo\\\/image\\\/\",\"url\":\"https:\\\/\\\/wildfoodtakeaway.ch\\\/wp-content\\\/uploads\\\/2024\\\/01\\\/log.png\",\"contentUrl\":\"https:\\\/\\\/wildfoodtakeaway.ch\\\/wp-content\\\/uploads\\\/2024\\\/01\\\/log.png\",\"width\":606,\"height\":201,\"caption\":\"Wild Food Takeaway\"},\"image\":{\"@id\":\"https:\\\/\\\/wildmexicanfood.ch\\\/de\\\/#\\\/schema\\\/logo\\\/image\\\/\"}}]}<\/script>\n<!-- \/ Yoast SEO plugin. -->","yoast_head_json":{"title":"\u00dcber Wild Food Takeaway - Authentische mexikanische K\u00fcche","description":"Erfahren Sie mehr \u00fcber unser Engagement f\u00fcr eine authentische, frische und abwechslungsreiche mexikanische K\u00fcche. Optionen f\u00fcr Veganer, Vegetarier, Laktose- und Glutenfreie. Genie\u00dfen Sie das Wesen Mexikos.","robots":{"index":"index","follow":"follow","max-snippet":"max-snippet:-1","max-image-preview":"max-image-preview:large","max-video-preview":"max-video-preview:-1"},"canonical":"https:\/\/wildmexicanfood.ch\/de\/ueber\/","og_locale":"de_DE","og_type":"article","og_title":"\u00dcber Wild Food Takeaway - Authentische mexikanische K\u00fcche","og_description":"Erfahren Sie mehr \u00fcber unser Engagement f\u00fcr eine authentische, frische und abwechslungsreiche mexikanische K\u00fcche. Optionen f\u00fcr Veganer, Vegetarier, Laktose- und Glutenfreie. Genie\u00dfen Sie das Wesen Mexikos.","og_url":"https:\/\/wildmexicanfood.ch\/de\/ueber\/","og_site_name":"Wild Mexican food","article_modified_time":"2024-09-01T17:32:52+00:00","og_image":[{"width":1000,"height":303,"url":"https:\/\/wildmexicanfood.ch\/wp-content\/uploads\/2024\/01\/Logo.png","type":"image\/png"}],"twitter_card":"summary_large_image","twitter_misc":{"Gesch\u00e4tzte Lesezeit":"2\u00a0Minuten"},"schema":{"@context":"https:\/\/schema.org","@graph":[{"@type":"WebPage","@id":"https:\/\/wildmexicanfood.ch\/de\/ueber\/","url":"https:\/\/wildmexicanfood.ch\/de\/ueber\/","name":"\u00dcber Wild Food Takeaway - Authentische mexikanische K\u00fcche","isPartOf":{"@id":"https:\/\/wildmexicanfood.ch\/de\/#website"},"primaryImageOfPage":{"@id":"https:\/\/wildmexicanfood.ch\/de\/ueber\/#primaryimage"},"image":{"@id":"https:\/\/wildmexicanfood.ch\/de\/ueber\/#primaryimage"},"thumbnailUrl":"https:\/\/wildmexicanfood.ch\/wp-content\/uploads\/2024\/01\/Logo.png","datePublished":"2024-01-06T21:28:26+00:00","dateModified":"2024-09-01T17:32:52+00:00","description":"Erfahren Sie mehr \u00fcber unser Engagement f\u00fcr eine authentische, frische und abwechslungsreiche mexikanische K\u00fcche. Optionen f\u00fcr Veganer, Vegetarier, Laktose- und Glutenfreie. Genie\u00dfen Sie das Wesen Mexikos.","breadcrumb":{"@id":"https:\/\/wildmexicanfood.ch\/de\/ueber\/#breadcrumb"},"inLanguage":"de","potentialAction":[{"@type":"ReadAction","target":["https:\/\/wildmexicanfood.ch\/de\/ueber\/"]}]},{"@type":"ImageObject","inLanguage":"de","@id":"https:\/\/wildmexicanfood.ch\/de\/ueber\/#primaryimage","url":"https:\/\/wildmexicanfood.ch\/wp-content\/uploads\/2024\/01\/Logo.png","contentUrl":"https:\/\/wildmexicanfood.ch\/wp-content\/uploads\/2024\/01\/Logo.png","width":1000,"height":303},{"@type":"BreadcrumbList","@id":"https:\/\/wildmexicanfood.ch\/de\/ueber\/#breadcrumb","itemListElement":[{"@type":"ListItem","position":1,"name":"Home","item":"https:\/\/wildmexicanfood.ch\/de\/"},{"@type":"ListItem","position":2,"name":"\u00dcber"}]},{"@type":"WebSite","@id":"https:\/\/wildmexicanfood.ch\/de\/#website","url":"https:\/\/wildmexicanfood.ch\/de\/","name":"Wild Food Takeaway","description":"D\u00e9couvrez l&#039;\u00e2me de la cuisine mexicaine, \u00e0 emporter ou \u00e0 d\u00e9guster sur place !","publisher":{"@id":"https:\/\/wildmexicanfood.ch\/de\/#organization"},"potentialAction":[{"@type":"SearchAction","target":{"@type":"EntryPoint","urlTemplate":"https:\/\/wildmexicanfood.ch\/de\/?s={search_term_string}"},"query-input":{"@type":"PropertyValueSpecification","valueRequired":true,"valueName":"search_term_string"}}],"inLanguage":"de"},{"@type":"Organization","@id":"https:\/\/wildmexicanfood.ch\/de\/#organization","name":"Wild Food Takeaway","url":"https:\/\/wildmexicanfood.ch\/de\/","logo":{"@type":"ImageObject","inLanguage":"de","@id":"https:\/\/wildmexicanfood.ch\/de\/#\/schema\/logo\/image\/","url":"https:\/\/wildfoodtakeaway.ch\/wp-content\/uploads\/2024\/01\/log.png","contentUrl":"https:\/\/wildfoodtakeaway.ch\/wp-content\/uploads\/2024\/01\/log.png","width":606,"height":201,"caption":"Wild Food Takeaway"},"image":{"@id":"https:\/\/wildmexicanfood.ch\/de\/#\/schema\/logo\/image\/"}}]}},"_links":{"self":[{"href":"https:\/\/wildmexicanfood.ch\/de\/wp-json\/wp\/v2\/pages\/1333","targetHints":{"allow":["GET"]}}],"collection":[{"href":"https:\/\/wildmexicanfood.ch\/de\/wp-json\/wp\/v2\/pages"}],"about":[{"href":"https:\/\/wildmexicanfood.ch\/de\/wp-json\/wp\/v2\/types\/page"}],"author":[{"embeddable":true,"href":"https:\/\/wildmexicanfood.ch\/de\/wp-json\/wp\/v2\/users\/1"}],"replies":[{"embeddable":true,"href":"https:\/\/wildmexicanfood.ch\/de\/wp-json\/wp\/v2\/comments?post=1333"}],"version-history":[{"count":9,"href":"https:\/\/wildmexicanfood.ch\/de\/wp-json\/wp\/v2\/pages\/1333\/revisions"}],"predecessor-version":[{"id":2796,"href":"https:\/\/wildmexicanfood.ch\/de\/wp-json\/wp\/v2\/pages\/1333\/revisions\/2796"}],"wp:featuredmedia":[{"embeddable":true,"href":"https:\/\/wildmexicanfood.ch\/de\/wp-json\/wp\/v2\/media\/1148"}],"wp:attachment":[{"href":"https:\/\/wildmexicanfood.ch\/de\/wp-json\/wp\/v2\/media?parent=1333"}],"curies":[{"name":"wp","href":"https:\/\/api.w.org\/{rel}","templated":true}]}}